{"id":1839,"date":"2014-01-16T15:46:35","date_gmt":"2014-01-16T14:46:35","guid":{"rendered":"http:\/\/www.bdaerzte.de\/preview\/?page_id=1839"},"modified":"2025-08-29T11:15:28","modified_gmt":"2025-08-29T09:15:28","slug":"kontakt","status":"publish","type":"page","link":"https:\/\/depva.de\/praxisvermittlung-klinikboerse\/kontakt\/","title":{"rendered":"Kontakt"},"content":{"rendered":"<div class=\"fusion-fullwidth fullwidth-box fusion-builder-row-1 hundred-percent-fullwidth non-hundred-percent-height-scrolling\" style=\"--awb-border-radius-top-left:0px;--awb-border-radius-top-right:0px;--awb-border-radius-bottom-right:0px;--awb-border-radius-bottom-left:0px;--awb-overflow:visible;--awb-flex-wrap:wrap;\" ><div class=\"fusion-builder-row fusion-row\"><div class=\"fusion-layout-column fusion_builder_column fusion-builder-column-0 fusion_builder_column_1_1 1_1 fusion-one-full fusion-column-first fusion-column-last\" style=\"--awb-bg-size:cover;--awb-margin-bottom:0px;\"><div class=\"fusion-column-wrapper fusion-flex-column-wrapper-legacy\"><div class=\"fusion-text fusion-text-1 fusion-text-no-margin\" style=\"--awb-margin-bottom:10px;\"><h2>F\u00fcr unsere Kunden sind wir rund um die Uhr erreichbar&#8230;<\/h2>\n<p>per Post, E-Mail oder telefonisch:<\/p>\n<\/div><div class=\"fusion-clearfix\"><\/div><\/div><\/div><div class=\"fusion-layout-column fusion_builder_column fusion-builder-column-1 fusion_builder_column_1_1 1_1 fusion-one-full fusion-column-first fusion-column-last\" style=\"--awb-bg-size:cover;--awb-margin-bottom:0px;\"><div class=\"fusion-column-wrapper fusion-flex-column-wrapper-legacy\"><div class=\"fusion-text fusion-text-2\" style=\"--awb-text-transform:none;\"><h4><strong>DEPVA GmbH<\/strong><\/h4>\n<h4 style=\"margin: -5px 0 20px; line-height: 1em;\"><span class=\"subtitle\">Deutsche Personalvermittlungsagentur<br \/>\nPersonal- &amp; Praxisvermittlung im Gesundheitswesen<\/span><\/h4>\n<p>K\u00f6nigstr.10<br \/>\n40212 D\u00fcsseldorf<\/p>\n<div style=\"height: 0px; margin: -5px 0; padding: 0;\"><!-- spacer --><\/div>\n<p>E-Mail: <a href=\"\/assets-mail\/redirect-mailto-info.php\" rel=\"nofollow\">info{ad}depva{dot}de<\/a><\/p>\n<\/div><div class=\"fusion-text fusion-text-3\"><h2 id=\"sectionTeam\" class=\"accent-blue\" style=\"padding: 20px 0 0;\">Unser Team<\/h2>\n<\/div><div class=\"fusion-clearfix\"><\/div><\/div><\/div><div class=\"fusion-layout-column fusion_builder_column fusion-builder-column-2 fusion_builder_column_1_2 1_2 fusion-one-half fusion-column-first\" style=\"--awb-bg-size:cover;--awb-margin-bottom:0px;width:48%; margin-right: 4%;\"><div class=\"fusion-column-wrapper fusion-flex-column-wrapper-legacy\"><div class=\"fusion-sep-clear\"><\/div><div class=\"fusion-separator fusion-full-width-sep\" style=\"margin-left: auto;margin-right: auto;margin-top:15px;margin-bottom:15px;width:100%;\"><\/div><div class=\"fusion-sep-clear\"><\/div><div class=\"fusion-image-element in-legacy-container\" style=\"--awb-liftup-border-radius:10px;--awb-caption-title-font-family:var(--h2_typography-font-family);--awb-caption-title-font-weight:var(--h2_typography-font-weight);--awb-caption-title-font-style:var(--h2_typography-font-style);--awb-caption-title-size:var(--h2_typography-font-size);--awb-caption-title-transform:var(--h2_typography-text-transform);--awb-caption-title-line-height:var(--h2_typography-line-height);--awb-caption-title-letter-spacing:var(--h2_typography-letter-spacing);\"><div class=\"awb-image-frame awb-image-frame-1 imageframe-liftup imageframe-1\" style=\"max-width:320px;\"><span class=\" fusion-imageframe imageframe-none imageframe-1\" style=\"border-radius:10px;\"><img decoding=\"async\" width=\"400\" height=\"400\" alt=\"Vladimir Krassilschikov, Gesch\u00e4ftsf\u00fchrer\" title=\"Vladimir Krassilschikov, Gesch\u00e4ftsleitung, Personalvermittlung\" src=\"https:\/\/depva.de\/wp-content\/uploads\/v-krassilschikov-sw.jpg\" class=\"img-responsive wp-image-9256\" srcset=\"https:\/\/depva.de\/praxisvermittlung-klinikboerse\/wp-content\/uploads\/v-krassilschikov-sw-200x200.jpg 200w, https:\/\/depva.de\/praxisvermittlung-klinikboerse\/wp-content\/uploads\/v-krassilschikov-sw.jpg 400w\" sizes=\"(max-width: 800px) 100vw, 400px\" \/><\/span><\/div><\/div><div class=\"fusion-text fusion-text-4\" style=\"--awb-text-transform:none;--awb-margin-top:10px;\"><h4><strong><span class=\"accent-blue\">V. Krassilschikov<\/span><\/strong><br \/>\n<span class=\"subtitle\">Gesch\u00e4ftsf\u00fchrung, Organisation, Vermittlung<\/span><\/h4>\n<p>Telefon: 0211 \/ 229 75 363<br \/>\nTelefax: 0211 \/ 229 75 364<\/p>\n<p>E-Mail: <a href=\"\/assets-mail\/redirect-mailto-gf.php\" rel=\"nofollow\">gf{ad}depva{dot}de<\/a><\/p>\n<\/div><div class=\"fusion-clearfix\"><\/div><\/div><\/div><div class=\"fusion-layout-column fusion_builder_column fusion-builder-column-3 fusion_builder_column_1_2 1_2 fusion-one-half fusion-column-last\" style=\"--awb-bg-size:cover;--awb-margin-bottom:0px;width:48%;\"><div class=\"fusion-column-wrapper fusion-column-has-shadow fusion-flex-column-wrapper-legacy\"><div class=\"fusion-sep-clear\"><\/div><div class=\"fusion-separator fusion-full-width-sep\" style=\"margin-left: auto;margin-right: auto;margin-top:15px;margin-bottom:15px;width:100%;\"><\/div><div class=\"fusion-sep-clear\"><\/div><div class=\"fusion-image-element in-legacy-container\" style=\"--awb-liftup-border-radius:10px;--awb-caption-title-font-family:var(--h2_typography-font-family);--awb-caption-title-font-weight:var(--h2_typography-font-weight);--awb-caption-title-font-style:var(--h2_typography-font-style);--awb-caption-title-size:var(--h2_typography-font-size);--awb-caption-title-transform:var(--h2_typography-text-transform);--awb-caption-title-line-height:var(--h2_typography-line-height);--awb-caption-title-letter-spacing:var(--h2_typography-letter-spacing);\"><div class=\"awb-image-frame awb-image-frame-2 imageframe-liftup imageframe-2\" style=\"max-width:320px;\"><span class=\" fusion-imageframe imageframe-none imageframe-2\" style=\"border-radius:10px;\"><img decoding=\"async\" width=\"400\" height=\"400\" alt=\"Tabea S\u00fctc\u00fc, Personalsachbearbeiterin\" title=\"Tabea S\u00fctc\u00fc, Personalsachbearbeiterin\" src=\"https:\/\/depva.de\/wp-content\/uploads\/t-suetcu-sw.jpg\" class=\"img-responsive wp-image-12008\" srcset=\"https:\/\/depva.de\/praxisvermittlung-klinikboerse\/wp-content\/uploads\/t-suetcu-sw-200x200.jpg 200w, https:\/\/depva.de\/praxisvermittlung-klinikboerse\/wp-content\/uploads\/t-suetcu-sw.jpg 400w\" sizes=\"(max-width: 800px) 100vw, 400px\" \/><\/span><\/div><\/div><div class=\"fusion-text fusion-text-5\" style=\"--awb-text-transform:none;--awb-margin-top:10px;\"><h4><strong><span class=\"accent-blue\">Tabea S\u00fctc\u00fc<\/span><\/strong><br \/>\n<span class=\"subtitle\">Personalsachbearbeiterin<\/span><\/h4>\n<p>Tel: 0211 \/ 909 940 23<br \/>\nFax: 0211 \/ 229 75 364<\/p>\n<p>E-Mail: <a href=\"\/assets-mail\/redirect-mailto-info.php\" rel=\"nofollow\">info{ad}depva{dot}de<\/a><\/p>\n<\/div><div class=\"fusion-clearfix\"><\/div><\/div><\/div><div class=\"fusion-layout-column fusion_builder_column fusion-builder-column-4 fusion_builder_column_1_2 1_2 fusion-one-half fusion-column-first\" style=\"--awb-bg-size:cover;--awb-margin-bottom:0px;width:48%; margin-right: 4%;\"><div class=\"fusion-column-wrapper fusion-flex-column-wrapper-legacy\"><div class=\"fusion-sep-clear\"><\/div><div class=\"fusion-separator fusion-full-width-sep\" style=\"margin-left: auto;margin-right: auto;margin-top:15px;margin-bottom:15px;width:100%;\"><\/div><div class=\"fusion-sep-clear\"><\/div><div class=\"fusion-image-element in-legacy-container\" style=\"--awb-liftup-border-radius:10px;--awb-caption-title-font-family:var(--h2_typography-font-family);--awb-caption-title-font-weight:var(--h2_typography-font-weight);--awb-caption-title-font-style:var(--h2_typography-font-style);--awb-caption-title-size:var(--h2_typography-font-size);--awb-caption-title-transform:var(--h2_typography-text-transform);--awb-caption-title-line-height:var(--h2_typography-line-height);--awb-caption-title-letter-spacing:var(--h2_typography-letter-spacing);\"><div class=\"awb-image-frame awb-image-frame-3 imageframe-liftup imageframe-3\" style=\"max-width:320px;\"><span class=\" fusion-imageframe imageframe-none imageframe-3\" style=\"border-radius:10px;\"><img decoding=\"async\" width=\"400\" height=\"400\" alt=\"Sven Rixen, Buchhaltung\" title=\"Sven Rixen, Buchhaltung\" src=\"https:\/\/depva.de\/wp-content\/uploads\/s-rixen-sw.jpg\" class=\"img-responsive wp-image-9258\" srcset=\"https:\/\/depva.de\/praxisvermittlung-klinikboerse\/wp-content\/uploads\/s-rixen-sw-200x200.jpg 200w, https:\/\/depva.de\/praxisvermittlung-klinikboerse\/wp-content\/uploads\/s-rixen-sw.jpg 400w\" sizes=\"(max-width: 800px) 100vw, 400px\" \/><\/span><\/div><\/div><div class=\"fusion-text fusion-text-6\" style=\"--awb-text-transform:none;--awb-margin-top:10px;\"><h4><strong><span class=\"accent-blue\">Sven Rixen<\/span><\/strong><br \/>\n<span class=\"subtitle\">Buchhaltung, Rechnungen<\/span><\/h4>\n<p>Tel: 0211 \/ 909 940 25<br \/>\nFax: 0211 \/ 550 43 684<\/p>\n<p>E-Mail: <a href=\"\/assets-mail\/redirect-mailto-sri.php\" rel=\"nofollow\">buchhaltung{ad}depva{dot}de<\/a><\/p>\n<\/div><div class=\"fusion-clearfix\"><\/div><\/div><\/div><div class=\"fusion-layout-column fusion_builder_column fusion-builder-column-5 fusion_builder_column_1_2 1_2 fusion-one-half fusion-column-last\" style=\"--awb-bg-size:cover;--awb-margin-bottom:0px;width:48%;\"><div class=\"fusion-column-wrapper fusion-flex-column-wrapper-legacy\"><div class=\"fusion-sep-clear\"><\/div><div class=\"fusion-separator fusion-full-width-sep\" style=\"margin-left: auto;margin-right: auto;margin-top:15px;margin-bottom:15px;width:100%;\"><\/div><div class=\"fusion-sep-clear\"><\/div><div class=\"fusion-image-element in-legacy-container\" style=\"--awb-liftup-border-radius:10px;--awb-caption-title-font-family:var(--h2_typography-font-family);--awb-caption-title-font-weight:var(--h2_typography-font-weight);--awb-caption-title-font-style:var(--h2_typography-font-style);--awb-caption-title-size:var(--h2_typography-font-size);--awb-caption-title-transform:var(--h2_typography-text-transform);--awb-caption-title-line-height:var(--h2_typography-line-height);--awb-caption-title-letter-spacing:var(--h2_typography-letter-spacing);\"><div class=\"awb-image-frame awb-image-frame-4 imageframe-liftup imageframe-4\" style=\"max-width:320px;\"><span class=\" fusion-imageframe imageframe-none imageframe-4\" style=\"border-radius:10px;\"><img decoding=\"async\" width=\"400\" height=\"400\" alt=\"Hans-Peter L\u00fclsdorf, IT-Administration\" title=\"Hans-Peter L\u00fclsdorf, IT-Administration\" src=\"https:\/\/depva.de\/wp-content\/uploads\/hp-luelsdorf-sw.jpg\" class=\"img-responsive wp-image-9259\" srcset=\"https:\/\/depva.de\/praxisvermittlung-klinikboerse\/wp-content\/uploads\/hp-luelsdorf-sw-200x200.jpg 200w, https:\/\/depva.de\/praxisvermittlung-klinikboerse\/wp-content\/uploads\/hp-luelsdorf-sw.jpg 400w\" sizes=\"(max-width: 800px) 100vw, 400px\" \/><\/span><\/div><\/div><div class=\"fusion-text fusion-text-7\" style=\"--awb-text-transform:none;--awb-margin-top:10px;\"><h4><strong><span class=\"accent-blue\">Hans-Peter L\u00fclsdorf<\/span><\/strong><br \/>\n<span class=\"subtitle\">IT &#8211; Administration<\/span><\/h4>\n<p>E-Mail: <a href=\"\/assets-mail\/redirect-mailto-info.php\" rel=\"nofollow\">info{ad}depva{dot}de<\/a><\/p>\n<\/div><div class=\"fusion-clearfix\"><\/div><\/div><\/div><div class=\"fusion-layout-column fusion_builder_column fusion-builder-column-6 fusion_builder_column_1_2 1_2 fusion-one-half fusion-column-first\" style=\"--awb-bg-size:cover;--awb-margin-bottom:0px;width:48%; margin-right: 4%;\"><div class=\"fusion-column-wrapper fusion-flex-column-wrapper-legacy\"><div class=\"fusion-sep-clear\"><\/div><div class=\"fusion-separator fusion-full-width-sep\" style=\"margin-left: auto;margin-right: auto;margin-top:15px;margin-bottom:15px;width:100%;\"><\/div><div class=\"fusion-sep-clear\"><\/div><div class=\"fusion-image-element in-legacy-container\" style=\"--awb-liftup-border-radius:10px;--awb-caption-title-font-family:var(--h2_typography-font-family);--awb-caption-title-font-weight:var(--h2_typography-font-weight);--awb-caption-title-font-style:var(--h2_typography-font-style);--awb-caption-title-size:var(--h2_typography-font-size);--awb-caption-title-transform:var(--h2_typography-text-transform);--awb-caption-title-line-height:var(--h2_typography-line-height);--awb-caption-title-letter-spacing:var(--h2_typography-letter-spacing);\"><div class=\"awb-image-frame awb-image-frame-5 imageframe-liftup imageframe-5\" style=\"max-width:320px;\"><span class=\" fusion-imageframe imageframe-none imageframe-5\" style=\"border-radius:10px;\"><img decoding=\"async\" width=\"400\" height=\"400\" alt=\"dbha:designstudio, Werbeagentur, Business Development.\" title=\"dbha:designstudio\" src=\"https:\/\/depva.de\/wp-content\/uploads\/icon_dbha-designstudio-sw.jpg\" class=\"img-responsive wp-image-9932\" srcset=\"https:\/\/depva.de\/praxisvermittlung-klinikboerse\/wp-content\/uploads\/icon_dbha-designstudio-sw-200x200.jpg 200w, https:\/\/depva.de\/praxisvermittlung-klinikboerse\/wp-content\/uploads\/icon_dbha-designstudio-sw.jpg 400w\" sizes=\"(max-width: 800px) 100vw, 400px\" \/><\/span><\/div><\/div><div class=\"fusion-text fusion-text-8\" style=\"--awb-text-transform:none;--awb-margin-top:10px;\"><h4><strong><span class=\"accent-blue\">dbha:designstudio<\/span><\/strong><br \/>\n<span class=\"subtitle\">Webdesign &amp; Programmierung<\/span><\/h4>\n<p>E-Mail: <a href=\"\/assets-mail\/redirect-mailto-webmaster.php\" rel=\"nofollow\">webmaster{ad}depva{dot}de<\/a><\/p>\n<\/div><div class=\"fusion-clearfix\"><\/div><\/div><\/div><div class=\"fusion-layout-column fusion_builder_column fusion-builder-column-7 fusion_builder_column_1_2 1_2 fusion-one-half fusion-column-last hideContent\" style=\"--awb-bg-size:cover;--awb-margin-bottom:0px;width:48%;\" data-scroll-devices=\"small-visibility,medium-visibility,large-visibility\"><div class=\"fusion-column-wrapper fusion-column-has-shadow fusion-flex-column-wrapper-legacy\"><div class=\"fusion-sep-clear\"><\/div><div class=\"fusion-separator fusion-full-width-sep\" style=\"margin-left: auto;margin-right: auto;margin-top:15px;margin-bottom:15px;width:100%;\"><\/div><div class=\"fusion-sep-clear\"><\/div><div class=\"fusion-image-element in-legacy-container\" style=\"--awb-liftup-border-radius:10px;--awb-caption-title-font-family:var(--h2_typography-font-family);--awb-caption-title-font-weight:var(--h2_typography-font-weight);--awb-caption-title-font-style:var(--h2_typography-font-style);--awb-caption-title-size:var(--h2_typography-font-size);--awb-caption-title-transform:var(--h2_typography-text-transform);--awb-caption-title-line-height:var(--h2_typography-line-height);--awb-caption-title-letter-spacing:var(--h2_typography-letter-spacing);\"><div class=\"awb-image-frame awb-image-frame-6 imageframe-liftup imageframe-6\" style=\"max-width:320px;\"><span class=\" fusion-imageframe imageframe-none imageframe-6\" style=\"border-radius:10px;\"><img decoding=\"async\" width=\"480\" height=\"480\" alt=\"Benedikt Glowig, Leiter operatives Gesch\u00e4ft\" title=\"Benedikt Glowig, Leiter operatives Gesch\u00e4ft\" src=\"https:\/\/depva.de\/wp-content\/uploads\/b-aydin-sw.jpg\" class=\"img-responsive wp-image-9273\" srcset=\"https:\/\/depva.de\/praxisvermittlung-klinikboerse\/wp-content\/uploads\/b-aydin-sw-200x200.jpg 200w, https:\/\/depva.de\/praxisvermittlung-klinikboerse\/wp-content\/uploads\/b-aydin-sw-400x400.jpg 400w, https:\/\/depva.de\/praxisvermittlung-klinikboerse\/wp-content\/uploads\/b-aydin-sw.jpg 480w\" sizes=\"(max-width: 800px) 100vw, 480px\" \/><\/span><\/div><\/div><div class=\"fusion-text fusion-text-9\" style=\"--awb-text-transform:none;--awb-margin-top:10px;\"><h4><strong><span class=\"accent-blue\">Benedikt Glowig<\/span><\/strong><br \/>\n<span class=\"subtitle\">Leiter operatives Gesch\u00e4ft<\/span><\/h4>\n<p>Telefon: 0211 \/ 909 940 21<br \/>\nTelefax: 0211 \/ 550 43 684<\/p>\n<p>E-Mail: <a href=\"\/assets-mail\/redirect-mailto-info.php\" rel=\"nofollow\">info{ad}depva{dot}de<\/a><\/p>\n<\/div><div class=\"fusion-clearfix\"><\/div><\/div><\/div><div class=\"fusion-layout-column fusion_builder_column fusion-builder-column-8 fusion_builder_column_1_2 1_2 fusion-one-half fusion-column-first hideContent\" style=\"--awb-bg-size:cover;--awb-margin-bottom:0px;width:48%; margin-right: 4%;\" data-scroll-devices=\"small-visibility,medium-visibility,large-visibility\"><div class=\"fusion-column-wrapper fusion-column-has-shadow fusion-flex-column-wrapper-legacy\"><div class=\"fusion-sep-clear\"><\/div><div class=\"fusion-separator fusion-full-width-sep\" style=\"margin-left: auto;margin-right: auto;margin-top:15px;margin-bottom:15px;width:100%;\"><\/div><div class=\"fusion-sep-clear\"><\/div><div class=\"fusion-image-element in-legacy-container\" style=\"--awb-liftup-border-radius:10px;--awb-caption-title-font-family:var(--h2_typography-font-family);--awb-caption-title-font-weight:var(--h2_typography-font-weight);--awb-caption-title-font-style:var(--h2_typography-font-style);--awb-caption-title-size:var(--h2_typography-font-size);--awb-caption-title-transform:var(--h2_typography-text-transform);--awb-caption-title-line-height:var(--h2_typography-line-height);--awb-caption-title-letter-spacing:var(--h2_typography-letter-spacing);\"><div class=\"awb-image-frame awb-image-frame-7 imageframe-liftup imageframe-7\" style=\"max-width:320px;\"><span class=\" fusion-imageframe imageframe-none imageframe-7\" style=\"border-radius:10px;\"><img decoding=\"async\" width=\"480\" height=\"480\" alt=\"Gordan Tesanovic, Personalreferent\" title=\"Gordan Tesanovic, Personalreferent\" src=\"https:\/\/depva.de\/wp-content\/uploads\/g-tesanovic-sw.jpg\" class=\"img-responsive wp-image-10852\" srcset=\"https:\/\/depva.de\/praxisvermittlung-klinikboerse\/wp-content\/uploads\/g-tesanovic-sw-200x200.jpg 200w, https:\/\/depva.de\/praxisvermittlung-klinikboerse\/wp-content\/uploads\/g-tesanovic-sw-400x400.jpg 400w, https:\/\/depva.de\/praxisvermittlung-klinikboerse\/wp-content\/uploads\/g-tesanovic-sw.jpg 480w\" sizes=\"(max-width: 800px) 100vw, 480px\" \/><\/span><\/div><\/div><div class=\"fusion-text fusion-text-10\" style=\"--awb-text-transform:none;--awb-margin-top:10px;\"><h4><strong><span class=\"accent-blue\">Gordan Tesanovic<\/span><\/strong><br \/>\n<span class=\"subtitle\">Personalreferent<\/span><\/h4>\n<p>Tel: 0211 \/ 909 940 20<br \/>\nFax: 0211 \/ 550 43 684<\/p>\n<p>E-Mail: <a href=\"\/assets-mail\/redirect-mailto-info.php\" rel=\"nofollow\">info{ad}depva{dot}de<\/a><\/p>\n<\/div><div class=\"fusion-clearfix\"><\/div><\/div><\/div><div class=\"fusion-layout-column fusion_builder_column fusion-builder-column-9 fusion_builder_column_4_5 4_5 fusion-four-fifth fusion-column-last\" style=\"--awb-bg-size:cover;\" id=\"KontaktForm\"><div class=\"fusion-column-wrapper fusion-column-has-shadow fusion-flex-column-wrapper-legacy\"><div class=\"fusion-sep-clear\"><\/div><div class=\"fusion-separator fusion-full-width-sep\" style=\"margin-left: auto;margin-right: auto;margin-top:10px;margin-bottom:0px;width:100%;\"><\/div><div class=\"fusion-sep-clear\"><\/div><div class=\"fusion-text fusion-text-11\"><h3>Schnelle Kontaktaufnahme oder R\u00fcckrufwunsch&#8230;<br \/>\ngerne per Kontaktformular<\/h3>\n<p>Bei allgemeinen Fragen schreiben Sie uns Ihr Anliegen, am Besten mit Kontaktdaten und wann Sie ggf. f\u00fcr einen R\u00fcckruf erreichbar sind. <strong>F\u00fcr die Vermittlung von Stellenangeboten brauchen wir Ihre vollst\u00e4ndige <\/strong><a href=\"https:\/\/depva.de\/registrierung-info-arbeitnehmer\/\"><strong>Registrierung.<\/strong><\/a> W\u00e4hlen Sie daf\u00fcr im Men\u00fc &#8222;Registrierung&#8220; den entsprechenden Bereich und senden uns nacheinander die erforderlichen 3 Formulare.<\/p>\n<\/div><div class=\"fusion-sep-clear\"><\/div><div class=\"fusion-separator fusion-full-width-sep\" style=\"margin-left: auto;margin-right: auto;margin-top:20px;margin-bottom:10px;width:100%;\"><\/div><div class=\"fusion-sep-clear\"><\/div>\n<div class=\"wpcf7 no-js\" id=\"wpcf7-f6195-o1\" lang=\"de-DE\" dir=\"ltr\">\n<div class=\"screen-reader-response\"><p role=\"status\" aria-live=\"polite\" aria-atomic=\"true\"><\/p> <ul><\/ul><\/div>\n<form action=\"\/praxisvermittlung-klinikboerse\/wp-json\/wp\/v2\/pages\/1839#wpcf7-f6195-o1\" method=\"post\" class=\"wpcf7-form init\" aria-label=\"Kontaktformular\" novalidate=\"novalidate\" data-status=\"init\">\n<div style=\"display: none;\">\n<input type=\"hidden\" name=\"_wpcf7\" value=\"6195\" \/>\n<input type=\"hidden\" name=\"_wpcf7_version\" value=\"5.9.6\" \/>\n<input type=\"hidden\" name=\"_wpcf7_locale\" value=\"de_DE\" \/>\n<input type=\"hidden\" name=\"_wpcf7_unit_tag\" value=\"wpcf7-f6195-o1\" \/>\n<input type=\"hidden\" name=\"_wpcf7_container_post\" value=\"0\" \/>\n<input type=\"hidden\" name=\"_wpcf7_posted_data_hash\" value=\"\" \/>\n<\/div>\n<p><label>Ihr Name<\/label><br \/>\n<span class=\"wpcf7-form-control-wrap\" data-name=\"kontakt-name\"><input size=\"40\" maxlength=\"80\" class=\"wpcf7-form-control wpcf7-text wpcf7-validates-as-required\" aria-required=\"true\" aria-invalid=\"false\" value=\"\" type=\"text\" name=\"kontakt-name\" \/><\/span>\n<\/p>\n<p><label>Ihre E-Mail-Adresse<\/label><br \/>\n<span class=\"wpcf7-form-control-wrap\" data-name=\"e-mail\"><input size=\"40\" maxlength=\"80\" class=\"wpcf7-form-control wpcf7-email wpcf7-validates-as-required wpcf7-text wpcf7-validates-as-email\" aria-required=\"true\" aria-invalid=\"false\" value=\"\" type=\"email\" name=\"e-mail\" \/><\/span>\n<\/p>\n<p><label>Telefon<\/label><br \/>\n<span class=\"wpcf7-form-control-wrap\" data-name=\"telefon\"><input size=\"40\" maxlength=\"80\" class=\"wpcf7-form-control wpcf7-text\" aria-invalid=\"false\" placeholder=\"(optional)\" value=\"\" type=\"text\" name=\"telefon\" \/><\/span>\n<\/p>\n<p><label>Betreffend<\/label><br \/>\n<span class=\"wpcf7-form-control-wrap\" data-name=\"betreff\"><input size=\"40\" maxlength=\"80\" class=\"wpcf7-form-control wpcf7-text\" aria-invalid=\"false\" value=\"\" type=\"text\" name=\"betreff\" \/><\/span>\n<\/p>\n<p><label>Ihre Nachricht<\/label><br \/>\n<span class=\"wpcf7-form-control-wrap\" data-name=\"text-nachricht\"><textarea cols=\"40\" rows=\"10\" maxlength=\"1200\" class=\"wpcf7-form-control wpcf7-textarea\" aria-invalid=\"false\" name=\"text-nachricht\"><\/textarea><\/span>\n<\/p>\n<p><span style=\"color: #ccc;\"><span class=\"wpcf7-character-count up\" data-target-name=\"text-nachricht\" data-starting-value=\"0\" data-current-value=\"0\" data-maximum-value=\"1200\">0<\/span> von 1200<\/span>\n<\/p>\n<p style=\"margin: 20px auto 0;\">Die <a href='https:\/\/depva.de\/praxisvermittlung-klinikboerse\/impressum\/datenschutz\/'>Hinweise zum Datenschutz<\/a> habe ich gelesen.\n<\/p>\n<div style=\"margin: 0 0 0 -15px; padding: 0 0 20px 0\">\n\t<p><span class=\"wpcf7-form-control-wrap\" data-name=\"datenschutz\"><span class=\"wpcf7-form-control wpcf7-checkbox wpcf7-validates-as-required\"><span class=\"wpcf7-list-item first last\"><input type=\"checkbox\" name=\"datenschutz[]\" value=\"Mit der Datenerfassung und -verarbeitung im Rahmen der Anfrage bin ich einverstanden.\" \/><span class=\"wpcf7-list-item-label\">Mit der Datenerfassung und -verarbeitung im Rahmen der Anfrage bin ich einverstanden.<\/span><\/span><\/span><\/span>\n\t<\/p>\n<\/div>\n<p><span id=\"wpcf7-69fc7f9596a5b-wrapper\" class=\"wpcf7-form-control-wrap honeypot-107-wrap\" style=\"display:none !important; visibility:hidden !important;\"><label for=\"wpcf7-69fc7f9596a5b-field\" class=\"hp-message\">Bitte lasse dieses Feld leer.<\/label><input id=\"wpcf7-69fc7f9596a5b-field\"  class=\"wpcf7-form-control wpcf7-text\" type=\"text\" name=\"honeypot-107\" value=\"\" size=\"40\" tabindex=\"-1\" autocomplete=\"new-password\" \/><\/span><input class=\"wpcf7-form-control wpcf7-submit has-spinner\" type=\"submit\" value=\"Senden\" \/>\n<\/p>\n<h3>\n<div class=\"fusion-alert alert custom alert-custom fusion-alert-center wpcf7-response-output fusion-alert-capitalize awb-alert-native-link-color alert-dismissable awb-alert-close-boxed\" style=\"--awb-border-size:1px;--awb-border-top-left-radius:0px;--awb-border-top-right-radius:0px;--awb-border-bottom-left-radius:0px;--awb-border-bottom-right-radius:0px;\" role=\"alert\"><div class=\"fusion-alert-content-wrapper\"><span class=\"fusion-alert-content\"><\/span><\/div><button type=\"button\" class=\"close toggle-alert\" data-dismiss=\"alert\" aria-label=\"Close\">&times;<\/button><\/div>\n<\/h3><input type=\"hidden\" id=\"ct_checkjs_cf7_f29c21d4897f78948b91f03172341b7b\" name=\"ct_checkjs_cf7\" value=\"0\" \/><input\n                    class=\"apbct_special_field apbct_email_id__wp_contact_form_7\"\n                    name=\"apbct__email_id__wp_contact_form_7\"\n                    aria-label=\"apbct__label_id__wp_contact_form_7\"\n                    type=\"text\" size=\"30\" maxlength=\"200\" autocomplete=\"off\"\n                    value=\"\"\n                \/>\n<\/form>\n<\/div>\n<div class=\"fusion-clearfix\"><\/div><\/div><\/div><\/div><\/div>\n","protected":false},"excerpt":{"rendered":"","protected":false},"author":1,"featured_media":0,"parent":0,"menu_order":70,"comment_status":"open","ping_status":"closed","template":"","meta":{"_lmt_disableupdate":"no","_lmt_disable":"","footnotes":""},"class_list":["post-1839","page","type-page","status-publish","hentry"],"_links":{"self":[{"href":"https:\/\/depva.de\/praxisvermittlung-klinikboerse\/wp-json\/wp\/v2\/pages\/1839","targetHints":{"allow":["GET"]}}],"collection":[{"href":"https:\/\/depva.de\/praxisvermittlung-klinikboerse\/wp-json\/wp\/v2\/pages"}],"about":[{"href":"https:\/\/depva.de\/praxisvermittlung-klinikboerse\/wp-json\/wp\/v2\/types\/page"}],"author":[{"embeddable":true,"href":"https:\/\/depva.de\/praxisvermittlung-klinikboerse\/wp-json\/wp\/v2\/users\/1"}],"replies":[{"embeddable":true,"href":"https:\/\/depva.de\/praxisvermittlung-klinikboerse\/wp-json\/wp\/v2\/comments?post=1839"}],"version-history":[{"count":5,"href":"https:\/\/depva.de\/praxisvermittlung-klinikboerse\/wp-json\/wp\/v2\/pages\/1839\/revisions"}],"predecessor-version":[{"id":14641,"href":"https:\/\/depva.de\/praxisvermittlung-klinikboerse\/wp-json\/wp\/v2\/pages\/1839\/revisions\/14641"}],"wp:attachment":[{"href":"https:\/\/depva.de\/praxisvermittlung-klinikboerse\/wp-json\/wp\/v2\/media?parent=1839"}],"curies":[{"name":"wp","href":"https:\/\/api.w.org\/{rel}","templated":true}]}}