{"id":1843,"date":"2012-01-16T15:57:04","date_gmt":"2012-01-16T14:57:04","guid":{"rendered":"http:\/\/www.bdaerzte.de\/preview\/?page_id=1843"},"modified":"2025-08-26T10:24:12","modified_gmt":"2025-08-26T08:24:12","slug":"impressum","status":"publish","type":"page","link":"https:\/\/depva.de\/praxisvermittlung-klinikboerse\/impressum\/","title":{"rendered":"Impressum"},"content":{"rendered":"<h2>Impressum<\/h2>\n<h4>Angaben gem. \u00a75 TMG<\/h4>\n<p><strong>DEPVA GmbH<\/strong><br \/>\nK\u00f6nigstr. 10<br \/>\n40212 D\u00fcsseldorf<\/p>\n<p><strong>Vertreten durch<\/strong><br \/>\nGesch\u00e4ftsf\u00fchrer Vladimir Krassilschikov<br \/>\nFacharzt f\u00fcr Psychiatrie und Psychotherapie<br \/>\nFacharzt f\u00fcr Kinderpsychiatrie und Psychotherapie<\/p>\n<p><strong>Kontakt<\/strong><br \/>\nTelefon: 0211 \/ 22975363<br \/>\nTelefax: 0211 \/ 55043684<br \/>\nE-Mail: <a href=\"\/assets-mail\/redirect-mailto-info.php\">info{ad}depva{dot}de<\/a><br \/>\nInternet: www.depva.de<\/p>\n<p><strong>Eintragung im Handelsregister<\/strong><br \/>\nRegistergericht: Amtsgericht D\u00fcsseldorf<br \/>\nHRB 78449<\/p>\n<p>USt.-IDNr.: DE 309284960<\/p>\n<p><strong>Erstellung der Internetseiten<\/strong><br \/>\n<strong>dbha:<\/strong>designstudio, <a title=\"Externe Website \u00f6ffnen\" href=\"https:\/\/www.dbha.de\" target=\"_blank\" rel=\"noopener noreferrer\">www.dbha.de<\/a><\/p>\n<p><strong>Urheberrecht<\/strong><br \/>\nDie ver\u00f6ffentlichten Inhalte und das Design der Website depva.de nterliegen dem deutschen Urheberrecht. Die Vervielf\u00e4ltigung, Bearbeitung, Verbreitung und jede Art der Verwertung au\u00dferhalb der Grenzen des Urheberrechtes bed\u00fcrfen der schriftlichen Zustimmung des jeweiligen Autors bzw. des Seitenbetreibers. Downloads und Kopien dieser Seite sind nur f\u00fcr den privaten, nicht kommerziellen Gebrauch gestattet. Soweit die Inhalte auf dieser Seite nicht vom Betreiber erstellt wurden, werden die Urheberrechte Dritter beachtet. Insbesondere werden Inhalte Dritter als solche gekennzeichnet. Sollten Sie trotzdem auf eine Urheberrechtsverletzung aufmerksam werden, bitten wir um einen entsprechenden Hinweis. Bei Bekanntwerden von Rechtsverletzungen werden wir derartige Inhalte umgehend entfernen.<\/p>\n<p>Logodesign &amp; Grafiken:<br \/>\n\u00a9 dbha:designstudio, Heiko Attinger<\/p>\n<p>Fotos Mitarbeiter:<br \/>\n\u00a9 DEPVA GmbH<\/p>\n<p>Fotos Header:<br \/>\n\u00a9 Adobe Stock<\/p>\n","protected":false},"excerpt":{"rendered":"<p>Impressum Angaben gem. \u00a75 TMG DEPVA GmbH K\u00f6nigstr. 10 40212 D\u00fcsseldorf Vertreten durch Gesch\u00e4ftsf\u00fchrer Vladimir Krassilschikov Facharzt f\u00fcr Psychiatrie und Psychotherapie Facharzt f\u00fcr Kinderpsychiatrie und Psychotherapie Kontakt Telefon: 0211 \/ 22975363 Telefax: 0211 \/ 55043684 E-Mail: info{ad}depva{dot}de Internet: www.depva.de Eintragung [&hellip;]<\/p>\n","protected":false},"author":1,"featured_media":0,"parent":0,"menu_order":1010,"comment_status":"closed","ping_status":"closed","template":"","meta":{"_lmt_disableupdate":"no","_lmt_disable":"","footnotes":""},"class_list":["post-1843","page","type-page","status-publish","hentry"],"_links":{"self":[{"href":"https:\/\/depva.de\/praxisvermittlung-klinikboerse\/wp-json\/wp\/v2\/pages\/1843","targetHints":{"allow":["GET"]}}],"collection":[{"href":"https:\/\/depva.de\/praxisvermittlung-klinikboerse\/wp-json\/wp\/v2\/pages"}],"about":[{"href":"https:\/\/depva.de\/praxisvermittlung-klinikboerse\/wp-json\/wp\/v2\/types\/page"}],"author":[{"embeddable":true,"href":"https:\/\/depva.de\/praxisvermittlung-klinikboerse\/wp-json\/wp\/v2\/users\/1"}],"replies":[{"embeddable":true,"href":"https:\/\/depva.de\/praxisvermittlung-klinikboerse\/wp-json\/wp\/v2\/comments?post=1843"}],"version-history":[{"count":1,"href":"https:\/\/depva.de\/praxisvermittlung-klinikboerse\/wp-json\/wp\/v2\/pages\/1843\/revisions"}],"predecessor-version":[{"id":14484,"href":"https:\/\/depva.de\/praxisvermittlung-klinikboerse\/wp-json\/wp\/v2\/pages\/1843\/revisions\/14484"}],"wp:attachment":[{"href":"https:\/\/depva.de\/praxisvermittlung-klinikboerse\/wp-json\/wp\/v2\/media?parent=1843"}],"curies":[{"name":"wp","href":"https:\/\/api.w.org\/{rel}","templated":true}]}}