{"id":1886,"date":"2014-01-25T16:46:44","date_gmt":"2014-01-25T15:46:44","guid":{"rendered":"http:\/\/www.bdaerzte.de\/preview\/?page_id=1886"},"modified":"2025-09-24T15:22:45","modified_gmt":"2025-09-24T13:22:45","slug":"praxis-vermittlung-verkauf","status":"publish","type":"page","link":"https:\/\/depva.de\/praxisvermittlung-klinikboerse\/praxis-vermittlung-verkauf\/","title":{"rendered":"Praxisvermittlung &#038; Verkauf"},"content":{"rendered":"<div class=\"fusion-fullwidth fullwidth-box fusion-builder-row-1 hundred-percent-fullwidth non-hundred-percent-height-scrolling\" style=\"--awb-border-radius-top-left:0px;--awb-border-radius-top-right:0px;--awb-border-radius-bottom-right:0px;--awb-border-radius-bottom-left:0px;--awb-overflow:visible;--awb-flex-wrap:wrap;\" ><div class=\"fusion-builder-row fusion-row\"><div class=\"fusion-layout-column fusion_builder_column fusion-builder-column-0 fusion_builder_column_1_1 1_1 fusion-one-full fusion-column-first fusion-column-last\" style=\"--awb-bg-size:cover;--awb-margin-bottom:0px;\"><div class=\"fusion-column-wrapper fusion-flex-column-wrapper-legacy\"><div class=\"fusion-text fusion-text-1\"><h2>Herzlich Willkommen bei der Praxisvermittlung der DEPVA<\/h2>\n<p>Wenn Sie nach vielen Jahren als Freiberufler in den wohlverdienten Ruhestand gehen wollen oder sich wegen Ihrer ver\u00e4nderten Wohn- \/ Berufs- oder Privatsituation ver\u00e4ndern wollen, sind Sie bei uns richtig. Auch wenn Sie Ihre Klinik oder MVZ verkaufen wollen, sind wir der richtige Ansprechpartner.<\/p>\n<p>Hierbei stellt sich der abgebende Arzt folgende Frage:<br \/>Wie kann ich meine Praxis bzw. meinen Praxisanteil ertragreich ver\u00e4u\u00dfern, wie finde ich einen geeigneten \u00dcbernehmer?<\/p>\n<p>Auch die m\u00f6glichen K\u00e4ufer stellen sich die Frage:<br \/>Wie kann ich eine passende Praxis finden, in der ich mich vollst\u00e4ndig fachlich realisieren kann und die mein Einkommen bis zu meinem Ruhestand sichert?<\/p>\n<h3>Um einen Praxisverkauf erfolgreich und f\u00fcr Sie komfortabel gestalten zu k\u00f6nnen, unterst\u00fctzen wir Sie gerne mit folgenden Dienstleistungen:<\/h3>\n<p>wir k\u00f6nnen Ihnen eine komplette Vermarktung, wirtschaftliche Analyse und eine rechtliche Beratung Ihrer Praxis anbieten sowie eine komplette Begleitung des Prozesses bis zum erfolgreichen Kauf oder Verkauf Ihrer Praxis\/Klinik durchf\u00fchren. Sie k\u00f6nnen aber selbst entscheiden, was Sie brauchen und entweder einzelne oder komplette Leistungen f\u00fcr sich in Anspruch nehmen.<\/p>\n<h3>Vermittlung von R\u00e4umlichkeiten, Vermietungen<\/h3>\n<p>In der Rubrik &#8222;<a href=\"https:\/\/depva.de\/praxisvermittlung-klinikboerse\/vermietungen\/\">Vermietungen<\/a>&#8220; ver\u00f6ffentlichen wir gewerbliche Mietangebote f\u00fcr den medizinischen Bereich, wie Praxis- oder B\u00fcror\u00e4ume. Potentielle Interessenten k\u00f6nnen dabei direkt mit dem Anbieter Kontakt aufnehmen, ohne zwischengeschalteten Makler, o.\u00e4. <a href=\"https:\/\/depva.de\/praxisvermittlung-klinikboerse\/vermietungen\/\">&gt;&gt; Alle Infos und aktuelle Mietangebote.<\/a><\/p>\n<h3>Neu: Klinikb\u00f6rse<\/h3>\n<p>In unserer <a href=\"https:\/\/depva.de\/praxisvermittlung-klinikboerse\/klinikboerse\/\">Klinikb\u00f6rse<\/a> bringen wir Personen, Einrichtungen und Unternehmen zusammen, die am Kauf oder Verkauf von Kliniken interessiert sind. Wenn Sie ein Angebot oder eine Anfrage haben, senden Sie uns gerne eine Nachricht oder rufen Sie uns an. <a href=\"https:\/\/depva.de\/praxisvermittlung-klinikboerse\/klinikboerse\/\">&gt;&gt; Aktuelle Kaufgesuche \/ Interessenten.<\/a><\/p>\n<\/div><div class=\"fusion-clearfix\"><\/div><\/div><\/div><div class=\"fusion-layout-column fusion_builder_column fusion-builder-column-1 fusion_builder_column_1_1 1_1 fusion-one-full fusion-column-first fusion-column-last\" style=\"--awb-bg-size:cover;\"><div class=\"fusion-column-wrapper fusion-flex-column-wrapper-legacy\"><div class=\"fusion-clearfix\"><\/div><\/div><\/div><\/div><\/div>\n","protected":false},"excerpt":{"rendered":"","protected":false},"author":1,"featured_media":0,"parent":0,"menu_order":40,"comment_status":"closed","ping_status":"closed","template":"","meta":{"_lmt_disableupdate":"no","_lmt_disable":"","footnotes":""},"class_list":["post-1886","page","type-page","status-publish","hentry"],"_links":{"self":[{"href":"https:\/\/depva.de\/praxisvermittlung-klinikboerse\/wp-json\/wp\/v2\/pages\/1886","targetHints":{"allow":["GET"]}}],"collection":[{"href":"https:\/\/depva.de\/praxisvermittlung-klinikboerse\/wp-json\/wp\/v2\/pages"}],"about":[{"href":"https:\/\/depva.de\/praxisvermittlung-klinikboerse\/wp-json\/wp\/v2\/types\/page"}],"author":[{"embeddable":true,"href":"https:\/\/depva.de\/praxisvermittlung-klinikboerse\/wp-json\/wp\/v2\/users\/1"}],"replies":[{"embeddable":true,"href":"https:\/\/depva.de\/praxisvermittlung-klinikboerse\/wp-json\/wp\/v2\/comments?post=1886"}],"version-history":[{"count":4,"href":"https:\/\/depva.de\/praxisvermittlung-klinikboerse\/wp-json\/wp\/v2\/pages\/1886\/revisions"}],"predecessor-version":[{"id":14670,"href":"https:\/\/depva.de\/praxisvermittlung-klinikboerse\/wp-json\/wp\/v2\/pages\/1886\/revisions\/14670"}],"wp:attachment":[{"href":"https:\/\/depva.de\/praxisvermittlung-klinikboerse\/wp-json\/wp\/v2\/media?parent=1886"}],"curies":[{"name":"wp","href":"https:\/\/api.w.org\/{rel}","templated":true}]}}