{"id":2170,"date":"2014-05-27T15:30:39","date_gmt":"2014-05-27T13:30:39","guid":{"rendered":"http:\/\/\u00e4rzte-vermittlung.de\/bdaerzte\/?page_id=2170"},"modified":"2025-08-29T12:15:10","modified_gmt":"2025-08-29T10:15:10","slug":"agbs-akzeptieren","status":"publish","type":"page","link":"https:\/\/depva.de\/praxisvermittlung-klinikboerse\/agbs-akzeptieren\/","title":{"rendered":"AGBs akzeptieren"},"content":{"rendered":"<p><div class=\"fusion-fullwidth fullwidth-box fusion-builder-row-1 fusion-flex-container has-pattern-background has-mask-background registerMain nonhundred-percent-fullwidth non-hundred-percent-height-scrolling\" style=\"--awb-border-radius-top-left:0px;--awb-border-radius-top-right:0px;--awb-border-radius-bottom-right:0px;--awb-border-radius-bottom-left:0px;--awb-flex-wrap:wrap;\" ><div class=\"fusion-builder-row fusion-row fusion-flex-align-items-flex-start fusion-flex-content-wrap\" style=\"max-width:1185.6px;margin-left: calc(-4% \/ 2 );margin-right: calc(-4% \/ 2 );\"><div class=\"fusion-layout-column fusion_builder_column fusion-builder-column-0 fusion_builder_column_1_1 1_1 fusion-flex-column\" style=\"--awb-bg-size:cover;--awb-width-large:100%;--awb-margin-top-large:0px;--awb-spacing-right-large:1.92%;--awb-margin-bottom-large:0px;--awb-spacing-left-large:1.92%;--awb-width-medium:100%;--awb-order-medium:0;--awb-spacing-right-medium:1.92%;--awb-spacing-left-medium:1.92%;--awb-width-small:100%;--awb-order-small:0;--awb-spacing-right-small:1.92%;--awb-spacing-left-small:1.92%;\"><div class=\"fusion-column-wrapper fusion-column-has-shadow fusion-flex-justify-content-flex-start fusion-content-layout-column\"><div class=\"fusion-text fusion-text-1\"><h2>AGBs &#8211; Praxisvermittlung<\/h2>\n<p>Bei Inanspruchnahme unserer Angebote rund um die Praxisvermittlung m\u00fcssen Sie unsere AGBs akzeptieren.<br \/>\n<a title=\"Zum Formular\" href=\"#FormAGBs\">F\u00fcllen Sie bitte das Formular am Ende der AGBs aus und senden es uns.<\/a><\/p>\n<h3><strong>AGBs &#8211; Allgemeine Gesch\u00e4ftsbedingungen f\u00fcr die Vermittlung<\/strong><\/h3>\n<p>(Stand: 28.3.2012)<\/p>\n<p><strong>\u00a7 1 F\u00fcr wen, f\u00fcr was und wann gelten diese Allgemeinen Gesch\u00e4ftsbedingungen?<\/strong><br \/>\n(1) Die nachfolgenden Allgemeinen Gesch\u00e4ftsbedingungen (AGB) gelten f\u00fcr die DEPVA GmbH, K\u00f6nigstr. 10, 40212 D\u00fcsseldorf (nachfolgend: DEPVA) und \u00c4rzte oder \u00c4rztinnen bzw. Eigent\u00fcmer, die Ihre Praxis, MVZs oder Klinik verkaufen m\u00f6chten (nachfolgend: Leistungsnehmer). Die AGB regeln ausschlie\u00dflich das Vermittlungsverh\u00e4ltnis zwischen der DEPVA und dem Leistungsnehmer (nachfolgend: Vermittlungsverh\u00e4ltnis) und gelten ausschlie\u00dflich f\u00fcr die Vermittlung von Praxen, MVZs oder Kliniken sowie Anteilen davon. Diese AGB gelten nicht f\u00fcr die Personalvermittlung; sie gelten ebenfalls nicht f\u00fcr T\u00e4tigkeiten rund um die medizinische Zeitarbeit und Arbeitnehmer\u00fcberlassung.<br \/>\n(2) Die Anerkennung dieser AGB ist Voraussetzung f\u00fcr eine Vermittlung durch die DEPVA. Sie sind anerkannt, wenn das Einverst\u00e4ndnis mit deren Geltung in Textform im Sinne des \u00a7 126b BGB erkl\u00e4rt wird, z. B. durch eine entsprechende E-Mail an die DEPVA mit Angabe des Namens des Leistungsnehmers am Schluss der E-Mail oder durch ein unterschriebenes Telefax, in dem die Akzeptanz erkl\u00e4rt wird. Abweichende Individualabreden gehen den AGB vor.<\/p>\n<p><strong>\u00a7 2 Was sind die Leistungen des DEPVA?<\/strong><br \/>\n(1) Auf der Grundlage dieser AGB vermittelt die DEPVA potenzielle Interessenten an den Leistungsnehmer.<br \/>\n(2) Leistungsnehmer haben durch die Begr\u00fcndung des Vermittlungsverh\u00e4ltnisses oder die Aufnahme in das Vermittlungsverzeichnis keinen Anspruch auf Vermittlung. Die Leistungen der DEPVA rund um die Praxisvermittlung sind grunds\u00e4tzlich kostenpflichtig.<br \/>\n(3) Vor dem Beginn der Leistungserbringung wird daher zwischen der DEPVA und dem Leistungsnehmer ein Vermittlungsauftrag vereinbart. Die Konditionen f\u00fcr die Vermittlung werden dabei vorab schriftlich vereinbart und orientieren sich an den markt\u00fcblichen Vermittlungsprovisionen.<\/p>\n<p><strong>\u00a7 3 Voraussetzung f\u00fcr die Vermittlung<\/strong><br \/>\n(1) Voraussetzung f\u00fcr die Vermittlung ist, dass der Leistungsnehmer folgende Angaben und Unterlagen zur Verf\u00fcgung stellt: \u00b7 Name, Adresse, Telefonnummer, E-Mail-Adresse; \u00b7 Ausf\u00fchrliche Beschreibung der zu verkaufenden Praxis ins. der ggf. vorhandenen Ausstattung, med. Ger\u00e4te; \u00b7 Bilder von der Praxis und den R\u00e4umlichkeiten; \u00b7 Wirtschaftliche Situation der Praxis (ungef\u00e4hrer Jahresumsatz \/ Gewinn) \u00b7 Abgabetermin; \u00b7 Verkaufspreis (wenn bereits festgelegt).<br \/>\n(2) Die Ausk\u00fcnfte sind wahrheitsgem\u00e4\u00df und vollst\u00e4ndig zu erteilen. \u00c4nderungen sind der DEPVA unverz\u00fcglich mitzuteilen.<\/p>\n<p><strong>\u00a7 4 Was erwartet die DEPVA im Fall einer Vermittlung?<\/strong><br \/>\n(1) Wurde eine Vermittlung erfolgreich herbeigef\u00fchrt, ist unverz\u00fcglich nach Abschluss die DEPVA zu benachrichtigen. Wurde der Vertrag nur m\u00fcndlich abgeschlossen sind die wesentlichen Vertragsbedingungen in Textform mitzuteilen (Verkaufsdatum, Verkaufspreis). Des Weiteren ist nach Aufforderung durch die DEPVA, die vereinbarte Vermittlungsprovision zu entrichten.<\/p>\n<p><strong>\u00a7 5 Welche Folgen haben Vertragsverletzungen?<\/strong><br \/>\n(1) Werden die Voraussetzungen nach den \u00a7 3 und 4 nicht erf\u00fcllt oder verletzt der Leistungsnehmer sonstige Pflichten aus diesem Vermittlungsverh\u00e4ltnis, kann die DEPVA den Leistungsnehmer fristlos sperren und von weiteren Vermittlungen absehen.<br \/>\n(2) Die Geltendmachung von Schadensersatzanspr\u00fcchen, Zur\u00fcckbehaltungsrechten und sonstigen Rechten aufgrund von Vertragsverletzungen wird durch die vorstehenden Bestimmungen nicht ausgeschlossen. Schadensersatzanspr\u00fcche k\u00f6nnen jedoch nur soweit geltend gemacht werden, wie sie \u00fcber die verwirkte Vertragsstrafe hinausgehen.<\/p>\n<p><strong>\u00a7 6 Wie steht es um Datenschutz und Verschwiegenheit?<\/strong><br \/>\n(1) Mit den Mitteilungen nach \u00a7 3 erkl\u00e4rt sich der Leistungsnehmer bis auf Widerruf damit einverstanden, dass die Ausk\u00fcnfte und Informationen gespeichert, verarbeitet und zu den vertraglichen Zwecken genutzt werden. Insbesondere erkl\u00e4rt sich der Leistungsnehmer damit einverstanden, dass diese Daten einschlie\u00dflich der sich im Rahmen des Vermittlungsverh\u00e4ltnisses aufgrund von T\u00e4tigkeiten ergebender Daten (z. B. Expose, Gutachten) an Interessenten weitergegeben werden; ebenso erkl\u00e4rt er sich mit der Weitergabe an Partneragenturen zum Zwecke der Vermittlung einverstanden.<br \/>\n(2) Die DEPVA und der Leistungsnehmer verpflichten sich zur Verschwiegenheit \u00fcber die im Rahmen der Vermittlung bekannt gewordenen vertraulichen Informationen. Absatz 1 bleibt hiervon unber\u00fchrt.<\/p>\n<p><strong>\u00a7 7 Wof\u00fcr haftet die DEPVA?<\/strong><br \/>\nAuf Schadensersatz haftet die DEPVA \u2013 gleich aus welchem Rechtsgrund \u2013 bei Vorsatz und grober Fahrl\u00e4ssigkeit. Bei einfacher Fahrl\u00e4ssigkeit wird nur f\u00fcr Sch\u00e4den aus der Verletzung des Lebens, des K\u00f6rpers oder Gesundheit gehaftet, sowie f\u00fcr Sch\u00e4den aus der Verletzung einer wesentlichen Vertragspflicht (= Verpflichtung, deren Erf\u00fcllung die ordnungsgem\u00e4\u00dfe Durchf\u00fchrung des Vertrages \u00fcberhaupt erst erm\u00f6glicht und auf deren Einhaltung der Vertragspartner regelm\u00e4\u00dfig vertraut und vertrauen darf). In diesem Fall der Verletzung einer wesentlichen Vertragspflicht ist die Haftung jedoch auf den Ersatz des vorhersehbaren, typischerweise eintretenden Schadens begrenzt.<\/p>\n<p><strong>\u00a7 8 Wann verj\u00e4hren Anspr\u00fcche?<\/strong><br \/>\nAnspr\u00fcche aus oder aufgrund des Vermittlungsverh\u00e4ltnisses zwischen der DEPVA und dem Leistungsnehmer verj\u00e4hren mit einer Frist von einem Jahr. Die Frist beginnt am Ende des Jahres, in dem der Anspruch entstanden ist. Ausgenommen von dieser Verj\u00e4hrungsbestimmung bleiben Schadensersatzanspr\u00fcche; diese verj\u00e4hren nach den allgemeinen gesetzlichen Bestimmungen.<\/p>\n<p><strong>\u00a7 9 Wie kann das Vermittlungsverh\u00e4ltnis beendet werden?<\/strong><br \/>\n(1) Das Vermittlungsverh\u00e4ltnis kann beiderseits und jederzeit durch Mitteilung in Textform auch ohne Vorliegen eines Grundes beendet werden. Dies gilt insbesondere auch dann, wenn der Regelung nach \u00a7 6 Absatz 1 (Datenverarbeitung und \u2013nutzung) widersprochen wird oder das Einverst\u00e4ndnis nach \u00a7 6 Absatz 1 widerrufen wird.<br \/>\n(2) Die Beendigung des Vermittlungsverh\u00e4ltnissen hat zur Folge, dass der Leistungsnehmer aus dem Vermittlungsverzeichnis gel\u00f6scht wird.<\/p>\n<p><strong>\u00a7 10 Schlussbestimmungen<\/strong><br \/>\n(1) F\u00fcr das Vermittlungsverh\u00e4ltnis gilt ausschlie\u00dflich deutsches Recht, auch wenn ein Leistungsnehmer und\/oder eine Einrichtung ihren Sitz im Ausland haben.<br \/>\n(2) Sollte eine Bestimmung dieser AGB unwirksam sein oder werden oder sollten diese AGB eine L\u00fccke enthalten, bleibt die Wirksamkeit dieser AGB davon im \u00dcbrigen unber\u00fchrt. Im Fall unwirksamer Bestimmungen sind die Vertragsparteien verpflichtet, \u00fcber eine wirksame Ersatzregelung zu verhandeln, die dem mit der unwirksamen Bestimmung verfolgten Zweck am n\u00e4chsten kommt.<\/p>\n<p><a name=\"FormAGBs\"><\/a>Die AGBs habe ich zur Kenntnis genommen und akzeptiere diese.<\/p>\n<\/div><div class=\"fusion-separator fusion-full-width-sep\" style=\"align-self: center;margin-left: auto;margin-right: auto;margin-top:10px;width:100%;\"><\/div><\/div><\/div><\/div><\/div><div class=\"fusion-fullwidth fullwidth-box fusion-builder-row-2 hundred-percent-fullwidth non-hundred-percent-height-scrolling\" style=\"--awb-border-radius-top-left:0px;--awb-border-radius-top-right:0px;--awb-border-radius-bottom-right:0px;--awb-border-radius-bottom-left:0px;--awb-overflow:visible;--awb-flex-wrap:wrap;\" ><div class=\"fusion-builder-row fusion-row\"><div class=\"fusion-layout-column fusion_builder_column fusion-builder-column-1 fusion_builder_column_1_1 1_1 fusion-one-full fusion-column-first fusion-column-last fusion-column-no-min-height\" style=\"--awb-bg-size:cover;--awb-margin-bottom:0px;\"><div class=\"fusion-column-wrapper fusion-flex-column-wrapper-legacy\">\n<div class=\"wpcf7 no-js\" id=\"wpcf7-f2174-o1\" lang=\"de-DE\" dir=\"ltr\">\n<div class=\"screen-reader-response\"><p role=\"status\" aria-live=\"polite\" aria-atomic=\"true\"><\/p> <ul><\/ul><\/div>\n<form action=\"\/praxisvermittlung-klinikboerse\/wp-json\/wp\/v2\/pages\/2170#wpcf7-f2174-o1\" method=\"post\" class=\"wpcf7-form init\" aria-label=\"Kontaktformular\" novalidate=\"novalidate\" data-status=\"init\">\n<div style=\"display: none;\">\n<input type=\"hidden\" name=\"_wpcf7\" value=\"2174\" \/>\n<input type=\"hidden\" name=\"_wpcf7_version\" value=\"5.9.6\" \/>\n<input type=\"hidden\" name=\"_wpcf7_locale\" value=\"de_DE\" \/>\n<input type=\"hidden\" name=\"_wpcf7_unit_tag\" value=\"wpcf7-f2174-o1\" \/>\n<input type=\"hidden\" name=\"_wpcf7_container_post\" value=\"0\" \/>\n<input type=\"hidden\" name=\"_wpcf7_posted_data_hash\" value=\"\" \/>\n<\/div>\n<p><label>Ihr Name<\/label><br \/>\n<span class=\"wpcf7-form-control-wrap\" data-name=\"reg-name\"><input size=\"40\" maxlength=\"80\" class=\"wpcf7-form-control wpcf7-text wpcf7-validates-as-required\" aria-required=\"true\" aria-invalid=\"false\" value=\"\" type=\"text\" name=\"reg-name\" \/><\/span>\n<\/p>\n<p><label>Ihre E-Mail-Adresse<\/label><br \/>\n<span class=\"wpcf7-form-control-wrap\" data-name=\"e-mail\"><input size=\"40\" maxlength=\"80\" class=\"wpcf7-form-control wpcf7-email wpcf7-validates-as-required wpcf7-text wpcf7-validates-as-email\" aria-required=\"true\" aria-invalid=\"false\" value=\"\" type=\"email\" name=\"e-mail\" \/><\/span>\n<\/p>\n<p><label>Ort<\/label><br \/>\n<span class=\"wpcf7-form-control-wrap\" data-name=\"ort\"><input size=\"40\" maxlength=\"80\" class=\"wpcf7-form-control wpcf7-text wpcf7-validates-as-required\" aria-required=\"true\" aria-invalid=\"false\" value=\"\" type=\"text\" name=\"ort\" \/><\/span>\n<\/p>\n<p><label>Datum<\/label><br \/>\n<span class=\"wpcf7-form-control-wrap\" data-name=\"datum\"><input size=\"40\" maxlength=\"80\" class=\"wpcf7-form-control wpcf7-text wpcf7-validates-as-required\" aria-required=\"true\" aria-invalid=\"false\" value=\"\" type=\"text\" name=\"datum\" \/><\/span>\n<\/p>\n<p style=\"padding-top: 10px;\"><span class=\"wpcf7-form-control-wrap\" data-name=\"acceptance-186\"><span class=\"wpcf7-form-control wpcf7-acceptance\"><span class=\"wpcf7-list-item\"><input type=\"checkbox\" name=\"acceptance-186\" value=\"1\" checked=\"checked\" aria-invalid=\"false\" \/><\/span><\/span><\/span> &nbsp; Ich erkl\u00e4re mich mit den obigen AGBs einverstanden.\n<\/p>\n<p style=\"padding: 20px 0;\"><input class=\"wpcf7-form-control wpcf7-submit has-spinner\" type=\"submit\" value=\"AGBs senden\" \/><span id=\"wpcf7-69f9df244c0f3-wrapper\" class=\"wpcf7-form-control-wrap honeypot-303-wrap\" style=\"display:none !important; visibility:hidden !important;\"><label for=\"wpcf7-69f9df244c0f3-field\" class=\"hp-message\">Bitte lasse dieses Feld leer.<\/label><input id=\"wpcf7-69f9df244c0f3-field\"  class=\"wpcf7-form-control wpcf7-text\" type=\"text\" name=\"honeypot-303\" value=\"\" size=\"40\" tabindex=\"-1\" autocomplete=\"new-password\" \/><\/span>\n<\/p><input type=\"hidden\" id=\"ct_checkjs_cf7_2dea61eed4bceec564a00115c4d21334\" name=\"ct_checkjs_cf7\" value=\"0\" \/><input\n                    class=\"apbct_special_field apbct_email_id__wp_contact_form_7\"\n                    name=\"apbct__email_id__wp_contact_form_7\"\n                    aria-label=\"apbct__label_id__wp_contact_form_7\"\n                    type=\"text\" size=\"30\" maxlength=\"200\" autocomplete=\"off\"\n                    value=\"\"\n                \/><div class=\"fusion-alert alert custom alert-custom fusion-alert-center wpcf7-response-output fusion-alert-capitalize awb-alert-native-link-color alert-dismissable awb-alert-close-boxed\" style=\"--awb-border-size:1px;--awb-border-top-left-radius:0px;--awb-border-top-right-radius:0px;--awb-border-bottom-left-radius:0px;--awb-border-bottom-right-radius:0px;\" role=\"alert\"><div class=\"fusion-alert-content-wrapper\"><span class=\"fusion-alert-content\"><\/span><\/div><button type=\"button\" class=\"close toggle-alert\" data-dismiss=\"alert\" aria-label=\"Close\">&times;<\/button><\/div>\n<\/form>\n<\/div>\n<div class=\"fusion-clearfix\"><\/div><\/div><\/div><\/div><\/div><\/p>\n","protected":false},"excerpt":{"rendered":"","protected":false},"author":1,"featured_media":0,"parent":0,"menu_order":10,"comment_status":"open","ping_status":"closed","template":"","meta":{"_lmt_disableupdate":"no","_lmt_disable":"","footnotes":""},"class_list":["post-2170","page","type-page","status-publish","hentry"],"_links":{"self":[{"href":"https:\/\/depva.de\/praxisvermittlung-klinikboerse\/wp-json\/wp\/v2\/pages\/2170","targetHints":{"allow":["GET"]}}],"collection":[{"href":"https:\/\/depva.de\/praxisvermittlung-klinikboerse\/wp-json\/wp\/v2\/pages"}],"about":[{"href":"https:\/\/depva.de\/praxisvermittlung-klinikboerse\/wp-json\/wp\/v2\/types\/page"}],"author":[{"embeddable":true,"href":"https:\/\/depva.de\/praxisvermittlung-klinikboerse\/wp-json\/wp\/v2\/users\/1"}],"replies":[{"embeddable":true,"href":"https:\/\/depva.de\/praxisvermittlung-klinikboerse\/wp-json\/wp\/v2\/comments?post=2170"}],"version-history":[{"count":4,"href":"https:\/\/depva.de\/praxisvermittlung-klinikboerse\/wp-json\/wp\/v2\/pages\/2170\/revisions"}],"predecessor-version":[{"id":14644,"href":"https:\/\/depva.de\/praxisvermittlung-klinikboerse\/wp-json\/wp\/v2\/pages\/2170\/revisions\/14644"}],"wp:attachment":[{"href":"https:\/\/depva.de\/praxisvermittlung-klinikboerse\/wp-json\/wp\/v2\/media?parent=2170"}],"curies":[{"name":"wp","href":"https:\/\/api.w.org\/{rel}","templated":true}]}}