{"id":2210,"date":"2014-06-04T09:20:41","date_gmt":"2014-06-04T07:20:41","guid":{"rendered":"http:\/\/\u00e4rzte-vermittlung.de\/bdaerzte\/?page_id=2210"},"modified":"2025-09-24T15:27:42","modified_gmt":"2025-09-24T13:27:42","slug":"leistungen-verkauf-vermittlung","status":"publish","type":"page","link":"https:\/\/depva.de\/praxisvermittlung-klinikboerse\/praxis-vermittlung-verkauf\/leistungen-verkauf-vermittlung\/","title":{"rendered":"Unsere Leistungen"},"content":{"rendered":"<h2>Praxisverkauf, Praxisvermittlung, Praxisvertretung<\/h2>\n<h3>Vermarktung Ihrer Praxis:<\/h3>\n<p>Mi den von Ihnen \u00fcbermittelten Angaben zu Ihrer Praxis machen wir eine umfassende Aufnahme und Aufbereitung Ihrer Praxisdaten und wirtschaftlichen Kennziffern. Wir erstellen ein Expos\u00e9 mit entsprechenden Bildern Ihrer Praxis und ver\u00f6ffentlichen das Angebot auf unserer Seite im Internet. Wir sorgen daf\u00fcr, dass die bei uns registrierten sowie neue \u201eexterne\u201c interessierte \u00c4rzte von Ihrem Verkaufsangebot erfahren.<\/p>\n<p>Wir begleiten und moderieren den gesamten Verkaufsverlauf bis zum erfolgreichen Praxisverkauf.<br \/>\nWir koordinieren die beteiligten Gesch\u00e4ftspartner (Steuerberater, Rechtsanwalt, Bank).<br \/>\nBei Bedarf k\u00f6nnen wir zus\u00e4tzlich als Interimsl\u00f6sung eine <a href=\"https:\/\/depva.de\/personal-anfragen\/\">Praxisvertretung<\/a> vermitteln.<\/p>\n<h3>Wirtschaftlich:<\/h3>\n<p>Auf Wunsch Vermittlung eines Sachverst\u00e4ndigen zur Erstellung eines Praxiswertgutachtens oder zur \u00fcberschl\u00e4gigen Ermittlung des Praxiswertes sowie \u00dcberlegungen zu einer strategischen Nachfolgeberatung (z.B. durch \u00dcberf\u00fchrung in eine Berufsaus\u00fcbungsgemeinschaft (BAG) oder in neue Kooperationsformen wie \u00fcber\u00f6rtliche BAG, MVZ, Teilgemeinschaftspraxis oder Teilver\u00e4u\u00dferungen durch Zulassungsaufteilung etc.).<br \/>\nEs wird \u00fcberpr\u00fcft, ob ein Erwerber der Praxis nach Finanzierung des ermittelten Kaufpreises auch angemessen f\u00fcr seine Arbeitsleistung entlohnt werden kann.<br \/>\nVorauswahl des Nachfolgers unter Ber\u00fccksichtigung der Anforderungen des Abgebers. Anhand unserer Finanzierbarkeitsberechnungen kann kalkuliert werden, ob ein potentieller Erwerber oder Einsteiger den Bewertungsbetrag (gegebenenfalls im Falle eines Worst-Case oder Best-Case-Szenarios) finanzieren kann.<br \/>\nVerm\u00f6gensstrukturierung im Ruhestand unter Ber\u00fccksichtigung von Steuern und Inflation.<\/p>\n<h3>Rechtlich:<\/h3>\n<p>Bei Bedarf empfehlen wir Ihnen qualifizierte Steuer- und Rechtsberater, mit denen wir st\u00e4ndig zusammenarbeiten. Diese werden Sie beim Praxiskaufvertrag und evtl. gesellschaftsrechtlichen Anpassungen unterst\u00fctzten sowie im Nachbesetzungsverfahren vor den Zulassungsgremien im erforderlichen Umfang begleiten.<\/p>\n<p>Wichtig: Wir arbeiten auf Erfolgsbasis. Ein Honorar wird erst dann f\u00e4llig, wenn Ihre Praxis, Ihre Klinik oder MVZ verkauft wird und ein Kaufvertrag zustande gekommen ist oder Sie uns mit weiteren Leistungen wie beispielsweise der gezielten Vermarktung Ihres Angebots beauftragen.<\/p>\n","protected":false},"excerpt":{"rendered":"<p>Praxisverkauf, Praxisvermittlung, Praxisvertretung Vermarktung Ihrer Praxis: Mi den von Ihnen \u00fcbermittelten Angaben zu Ihrer Praxis machen wir eine umfassende Aufnahme und Aufbereitung Ihrer Praxisdaten und wirtschaftlichen Kennziffern. Wir erstellen ein Expos\u00e9 mit entsprechenden Bildern Ihrer Praxis und ver\u00f6ffentlichen das Angebot [&hellip;]<\/p>\n","protected":false},"author":1,"featured_media":0,"parent":1886,"menu_order":1,"comment_status":"open","ping_status":"closed","template":"","meta":{"_lmt_disableupdate":"no","_lmt_disable":"","footnotes":""},"class_list":["post-2210","page","type-page","status-publish","hentry"],"_links":{"self":[{"href":"https:\/\/depva.de\/praxisvermittlung-klinikboerse\/wp-json\/wp\/v2\/pages\/2210","targetHints":{"allow":["GET"]}}],"collection":[{"href":"https:\/\/depva.de\/praxisvermittlung-klinikboerse\/wp-json\/wp\/v2\/pages"}],"about":[{"href":"https:\/\/depva.de\/praxisvermittlung-klinikboerse\/wp-json\/wp\/v2\/types\/page"}],"author":[{"embeddable":true,"href":"https:\/\/depva.de\/praxisvermittlung-klinikboerse\/wp-json\/wp\/v2\/users\/1"}],"replies":[{"embeddable":true,"href":"https:\/\/depva.de\/praxisvermittlung-klinikboerse\/wp-json\/wp\/v2\/comments?post=2210"}],"version-history":[{"count":2,"href":"https:\/\/depva.de\/praxisvermittlung-klinikboerse\/wp-json\/wp\/v2\/pages\/2210\/revisions"}],"predecessor-version":[{"id":14672,"href":"https:\/\/depva.de\/praxisvermittlung-klinikboerse\/wp-json\/wp\/v2\/pages\/2210\/revisions\/14672"}],"up":[{"embeddable":true,"href":"https:\/\/depva.de\/praxisvermittlung-klinikboerse\/wp-json\/wp\/v2\/pages\/1886"}],"wp:attachment":[{"href":"https:\/\/depva.de\/praxisvermittlung-klinikboerse\/wp-json\/wp\/v2\/media?parent=2210"}],"curies":[{"name":"wp","href":"https:\/\/api.w.org\/{rel}","templated":true}]}}