{"id":2212,"date":"2014-06-04T09:15:34","date_gmt":"2014-06-04T07:15:34","guid":{"rendered":"http:\/\/\u00e4rzte-vermittlung.de\/bdaerzte\/?page_id=2212"},"modified":"2025-08-26T10:24:08","modified_gmt":"2025-08-26T08:24:08","slug":"praxisvermittlung-deutschland","status":"publish","type":"page","link":"https:\/\/depva.de\/praxisvermittlung-klinikboerse\/praxis-vermittlung-verkauf\/praxisvermittlung-deutschland\/","title":{"rendered":"Praxisvermittlung Deutschland"},"content":{"rendered":"<p><div class=\"fusion-fullwidth fullwidth-box fusion-builder-row-1 nonhundred-percent-fullwidth non-hundred-percent-height-scrolling\" style=\"--awb-border-radius-top-left:0px;--awb-border-radius-top-right:0px;--awb-border-radius-bottom-right:0px;--awb-border-radius-bottom-left:0px;--awb-flex-wrap:wrap;\" ><div class=\"fusion-builder-row fusion-row\"><div class=\"fusion-layout-column fusion_builder_column fusion-builder-column-0 fusion_builder_column_1_1 1_1 fusion-one-full fusion-column-first fusion-column-last\" style=\"--awb-bg-size:cover;--awb-margin-bottom:0px;\"><div class=\"fusion-column-wrapper fusion-flex-column-wrapper-legacy\"><div class=\"fusion-text fusion-text-1\" style=\"--awb-font-size:120%;\"><h2 class=\"fusion-responsive-typography-calculated\" data-fontsize=\"24\" data-lineheight=\"36px\" style=\"padding-bottom: 20px;\"><strong>Unsere Praxisb\u00f6rse<\/strong><\/h2>\n<\/div><div class=\"fusion-clearfix\"><\/div><\/div><\/div><\/div><\/div><div class=\"fusion-fullwidth fullwidth-box fusion-builder-row-2 hundred-percent-fullwidth non-hundred-percent-height-scrolling\" style=\"--awb-border-radius-top-left:0px;--awb-border-radius-top-right:0px;--awb-border-radius-bottom-right:0px;--awb-border-radius-bottom-left:0px;--awb-overflow:visible;--awb-flex-wrap:wrap;\" ><div class=\"fusion-builder-row fusion-row\"><div class=\"fusion-layout-column fusion_builder_column fusion-builder-column-1 fusion_builder_column_1_1 1_1 fusion-one-full fusion-column-first fusion-column-last\" style=\"--awb-bg-size:cover;\"><div class=\"fusion-column-wrapper fusion-column-has-shadow fusion-flex-column-wrapper-legacy\"><div class=\"fusion-button-wrapper\"><a class=\"fusion-button button-flat button-large button-default fusion-button-default button-1 fusion-button-default-span fusion-button-default-type\" style=\"--button_margin-right:5px;--button_margin-bottom:5px;\" target=\"_self\" title=\"Praxisangebote \u00f6ffnen\" aria-label=\"Praxisangebote \u00f6ffnen\" href=\"\/praxis-vermittlung-verkauf\/praxisverkauf-deutschland\/\"><span class=\"fusion-button-text\">Kaufangebote (DE)<\/span><\/a><\/div><div class=\"fusion-button-wrapper\"><a class=\"fusion-button button-flat button-large button-default fusion-button-default button-2 fusion-button-default-span fusion-button-default-type\" target=\"_self\" title=\"Praxisinteressenten anzeigen\" aria-label=\"Praxisinteressenten anzeigen\" href=\"\/praxis-vermittlung-verkauf\/praxisinteressenten\/\"><span class=\"fusion-button-text\">Praxisinteressenten<\/span><\/a><\/div><div class=\"fusion-clearfix\"><\/div><\/div><\/div><\/div><div class=\"fusion-builder-row fusion-row\"><\/div><\/div><div class=\"fusion-fullwidth fullwidth-box fusion-builder-row-3 nonhundred-percent-fullwidth non-hundred-percent-height-scrolling\" style=\"--awb-border-radius-top-left:0px;--awb-border-radius-top-right:0px;--awb-border-radius-bottom-right:0px;--awb-border-radius-bottom-left:0px;--awb-margin-top:20px;--awb-flex-wrap:wrap;\" ><div class=\"fusion-builder-row fusion-row\"><div class=\"fusion-layout-column fusion_builder_column fusion-builder-column-2 fusion_builder_column_1_1 1_1 fusion-one-full fusion-column-first fusion-column-last\" style=\"--awb-bg-size:cover;--awb-margin-bottom:0px;\"><div class=\"fusion-column-wrapper fusion-flex-column-wrapper-legacy\"><div class=\"fusion-text fusion-text-2\"><h2><strong>Praxisverkauf<\/strong>: So bieten Sie Ihre Praxis kostenlos an<\/h2>\n<p>Navigieren Sie zu unserem Angebotsformular und beschreiben Sie Ihre Immobilie so ausf\u00fchrlich wie m\u00f6glich<br \/>\nNach kurzer \u00dcberpr\u00fcfung \u00fcbermitteln wir Ihnen unseren Vermittlungsvertrag postalisch oder per E-Mail.<br \/>\nNachdem wir den von Ihnen angenommenen Vertrag zur\u00fcck erhalten, wird ein Expose mit den von Ihnen angegebenen Daten erstellt, Ihr Angebot ver\u00f6ffentlicht und vermarktet.<br \/>\nSie bezahlen uns eine erfolgsabh\u00e4ngige Provision erst nachdem ein von uns gefundener K\u00e4ufer beim KV Ausschuss einen Zuschlag bekommt. Vorher sind unsere Leistungen f\u00fcr Sie kostenlos.<\/p>\n<\/div><div class=\"fusion-button-wrapper\"><a class=\"fusion-button button-flat button-medium button-default fusion-button-default button-3 fusion-button-default-span fusion-button-default-type\" target=\"_self\" title=\"hier registrieren\" aria-label=\"hier registrieren\" href=\"?page_id=2273\/\"><span class=\"fusion-button-text\"> Praxis\/Klinik jetzt anbieten <\/span><\/a><\/div><div class=\"fusion-text fusion-text-3\"><div style=\"margin: 40px 0 30px;\">\n<h2><strong>Praxiskauf:<\/strong> Registrieren Sie sich kostenlos als Interessent<\/h2>\n<p>Registrieren Sie sich kostenlos als Interessent(in) f\u00fcr den Erwerb einer Praxis, Klinik oder eines MVZ. Sobald wir ein Ihren Anforderungen entsprechendes Angebot erhalten, werden Sie per E-Mail informiert. Sollten Sie zu einem sp\u00e4teren Zeitpunkt kein Interesse mehr an unseren Leistungen haben, melden Sie sich einfach bei uns ab. Wir sperren oder l\u00f6schen Ihr Konto in diesem Fall umgehend.<\/p>\n<\/div><div class=\"fusion-button-wrapper\"><a class=\"fusion-button button-flat button-medium button-default fusion-button-default button-4 fusion-button-default-span fusion-button-default-type\" target=\"_self\" title=\"hier registrieren\" aria-label=\"hier registrieren\" href=\"?page_id=2297\/\"><span class=\"fusion-button-text\">Kostenlos registrieren<\/span><\/a><\/div><div class=\"fusion-clearfix\"><\/div><\/div><\/div><\/div><\/div><\/p>\n","protected":false},"excerpt":{"rendered":"","protected":false},"author":1,"featured_media":0,"parent":1886,"menu_order":2,"comment_status":"open","ping_status":"closed","template":"","meta":{"_lmt_disableupdate":"","_lmt_disable":"","footnotes":""},"class_list":["post-2212","page","type-page","status-publish","hentry"],"_links":{"self":[{"href":"https:\/\/depva.de\/praxisvermittlung-klinikboerse\/wp-json\/wp\/v2\/pages\/2212","targetHints":{"allow":["GET"]}}],"collection":[{"href":"https:\/\/depva.de\/praxisvermittlung-klinikboerse\/wp-json\/wp\/v2\/pages"}],"about":[{"href":"https:\/\/depva.de\/praxisvermittlung-klinikboerse\/wp-json\/wp\/v2\/types\/page"}],"author":[{"embeddable":true,"href":"https:\/\/depva.de\/praxisvermittlung-klinikboerse\/wp-json\/wp\/v2\/users\/1"}],"replies":[{"embeddable":true,"href":"https:\/\/depva.de\/praxisvermittlung-klinikboerse\/wp-json\/wp\/v2\/comments?post=2212"}],"version-history":[{"count":1,"href":"https:\/\/depva.de\/praxisvermittlung-klinikboerse\/wp-json\/wp\/v2\/pages\/2212\/revisions"}],"predecessor-version":[{"id":14582,"href":"https:\/\/depva.de\/praxisvermittlung-klinikboerse\/wp-json\/wp\/v2\/pages\/2212\/revisions\/14582"}],"up":[{"embeddable":true,"href":"https:\/\/depva.de\/praxisvermittlung-klinikboerse\/wp-json\/wp\/v2\/pages\/1886"}],"wp:attachment":[{"href":"https:\/\/depva.de\/praxisvermittlung-klinikboerse\/wp-json\/wp\/v2\/media?parent=2212"}],"curies":[{"name":"wp","href":"https:\/\/api.w.org\/{rel}","templated":true}]}}