{"id":2837,"date":"2015-01-09T19:57:48","date_gmt":"2015-01-09T17:57:48","guid":{"rendered":"http:\/\/www.bdaerzte.de\/?page_id=2837"},"modified":"2025-08-26T10:24:05","modified_gmt":"2025-08-26T08:24:05","slug":"news-blog","status":"publish","type":"page","link":"https:\/\/depva.de\/praxisvermittlung-klinikboerse\/news-blog\/","title":{"rendered":"News Blog"},"content":{"rendered":"<div class=\"fusion-fullwidth fullwidth-box fusion-builder-row-1 nonhundred-percent-fullwidth non-hundred-percent-height-scrolling\" style=\"--awb-border-radius-top-left:0px;--awb-border-radius-top-right:0px;--awb-border-radius-bottom-right:0px;--awb-border-radius-bottom-left:0px;--awb-flex-wrap:wrap;\" ><div class=\"fusion-builder-row fusion-row\"><div class=\"fusion-layout-column fusion_builder_column fusion-builder-column-0 fusion_builder_column_1_1 1_1 fusion-one-full fusion-column-first fusion-column-last\" style=\"--awb-bg-size:cover;\"><div class=\"fusion-column-wrapper fusion-column-has-shadow fusion-flex-column-wrapper-legacy\"><div class=\"fusion-blog-shortcode fusion-blog-shortcode-1 fusion-blog-archive fusion-blog-layout-large-alternate fusion-blog-pagination\"><div class=\"fusion-posts-container fusion-posts-container-pagination fusion-no-meta-info fusion-blog-rollover\" data-pages=\"1\"><article id=\"blog-1-post-14163\" class=\"fusion-post-large-alternate post-14163 post type-post status-publish format-standard hentry category-allgemein category-deutschland category-zahnarzt\">\n\t<style type=\"text\/css\">\n\t\t\n\t\t\n\t\t\n\t\t\n\t\t\t<\/style>\n\n\n<div class=\"fusion-date-and-formats\"><div class=\"fusion-date-box updated\"><span class=\"fusion-date\">20<\/span><span class=\"fusion-month-year\">02, 2025<\/span><\/div><div class=\"fusion-format-box\"><i class=\"awb-icon-pen\" aria-hidden=\"true\"><\/i><\/div><\/div><div class=\"fusion-post-content post-content\"><h2 class=\"blog-shortcode-post-title entry-title\"><a href=\"https:\/\/depva.de\/praxisvermittlung-klinikboerse\/zahnmedizinische-praxen-in-nrw-zum-kauf-gesucht\/\">Zahnmedizinische Praxen in NRW zum Kauf gesucht<\/a><\/h2><div class=\"fusion-post-content-container\"><p>Unser Auftraggeber \u2013 eine mittelgro\u00dfe Gruppe zahn\u00e4rztlicher Praxen \u2013 ist auf der Suche nach zahn\u00e4rztlichen und kieferorthop\u00e4dischen Praxen zum Kauf in NRW im KZV-Bereich Nordrhein. Zum Kauf werden zahn\u00e4rztliche oder kieferorthop\u00e4dische Praxen mit Betrieben gesucht. Bei den Praxen sollte die<a href=\"https:\/\/depva.de\/praxisvermittlung-klinikboerse\/zahnmedizinische-praxen-in-nrw-zum-kauf-gesucht\/\"> [\u2026mehr\u2026]<\/a><\/p>\n<\/div><\/div><div class=\"fusion-clearfix\"><\/div><\/article>\n<article id=\"blog-1-post-7261\" class=\"fusion-post-large-alternate post-7261 post type-post status-publish format-standard hentry category-allgemein category-deutschland tag-kaufgesuch-klinik tag-klinikkauf tag-klinikuebernahme\">\n\t<style type=\"text\/css\">\n\t\t\n\t\t\n\t\t\n\t\t\n\t\t\t<\/style>\n\n\n<div class=\"fusion-date-and-formats\"><div class=\"fusion-date-box updated\"><span class=\"fusion-date\">18<\/span><span class=\"fusion-month-year\">01, 2025<\/span><\/div><div class=\"fusion-format-box\"><i class=\"awb-icon-pen\" aria-hidden=\"true\"><\/i><\/div><\/div><div class=\"fusion-post-content post-content\"><h2 class=\"blog-shortcode-post-title entry-title\"><a href=\"https:\/\/depva.de\/praxisvermittlung-klinikboerse\/planklinik-zum-kauf-gesucht\/\">Kleines Krankenhaus oder Klinik zum Kauf gesucht<\/a><\/h2><div class=\"fusion-post-content-container\"><p>Als Agentur im Bereich der \u00c4rzte- und Praxisvermittlung verf\u00fcgen wir \u00fcber ein gro\u00dfes Netzwerk und zahlreiche, teils langj\u00e4hrige Kontakte zu Praxen, MVZs, Krankenh\u00e4usern und Klinikunternehmen. Diese Kontakte nutzen wir, indem wir Personen, Einrichtungen und Unternehmen zusammenbringen, die am Kauf oder<a href=\"https:\/\/depva.de\/praxisvermittlung-klinikboerse\/planklinik-zum-kauf-gesucht\/\"> [\u2026mehr\u2026]<\/a><\/p>\n<\/div><\/div><div class=\"fusion-clearfix\"><\/div><\/article>\n<article id=\"blog-1-post-6396\" class=\"fusion-post-large-alternate post-6396 post type-post status-publish format-standard hentry category-praxisvermietung category-allgemeinmedizin\">\n\t<style type=\"text\/css\">\n\t\t\n\t\t\n\t\t\n\t\t\n\t\t\t<\/style>\n\n\n<div class=\"fusion-date-and-formats\"><div class=\"fusion-date-box updated\"><span class=\"fusion-date\">24<\/span><span class=\"fusion-month-year\">08, 2022<\/span><\/div><div class=\"fusion-format-box\"><i class=\"awb-icon-pen\" aria-hidden=\"true\"><\/i><\/div><\/div><div class=\"fusion-post-content post-content\"><h2 class=\"blog-shortcode-post-title entry-title\"><a href=\"https:\/\/depva.de\/praxisvermittlung-klinikboerse\/praxisvermietungen\/\">Praxisvermietungen<\/a><\/h2><div class=\"fusion-post-content-container\"><p>Wir bringen Vermieter und \u00c4rzte die R\u00e4umlichkeiten suchen zusammen.<br>\nWenn Sie Praxisr\u00e4ume zu vermieten haben k\u00f6nnen Sie diese in unserem Portal ver\u00f6ffentlichen und so z.B. interessierte \u00c4rzte darauf aufmerksam machen.<\/p>\n<p>Oder suchen Sie eine passende R\u00e4umlichkeit f\u00fcr eine Praxis oder Klinik f\u00fcr<a href=\"https:\/\/depva.de\/praxisvermittlung-klinikboerse\/praxisvermietungen\/\"> [\u2026mehr\u2026]<\/a><\/p>\n<\/div><\/div><div class=\"fusion-clearfix\"><\/div><\/article>\n<article id=\"blog-1-post-6476\" class=\"fusion-post-large-alternate post-6476 post type-post status-publish format-standard hentry category-stellenangebot category-sonstige-stellen\">\n\t<style type=\"text\/css\">\n\t\t\n\t\t\n\t\t\n\t\t\n\t\t\t<\/style>\n\n\n<div class=\"fusion-date-and-formats\"><div class=\"fusion-date-box updated\"><span class=\"fusion-date\">22<\/span><span class=\"fusion-month-year\">12, 2018<\/span><\/div><div class=\"fusion-format-box\"><i class=\"awb-icon-pen\" aria-hidden=\"true\"><\/i><\/div><\/div><div class=\"fusion-post-content post-content\"><h2 class=\"blog-shortcode-post-title entry-title\"><a href=\"https:\/\/depva.de\/praxisvermittlung-klinikboerse\/ppp-rechtsanwaelte-spezialisiert-auf-das-gesundheitswesen\/\">PPP Rechtsanw\u00e4lte &#8211; spezialisiert auf Gesundheitswesen<\/a><\/h2><div class=\"fusion-post-content-container\"><p>Die Kanzlei PPP Rechtsanw\u00e4lte setzt sich f\u00fcr Sie ein! <\/p>\n<p>Wir vertreten unter anderem \u00c4rzte, Krankenh\u00e4user und forschende Unternehmen. Unsere Spezialgebiete sind unter anderem das Zulassungs-, Approbations- und Berufsrecht, die Gesellschafts- und Kooperationsgestaltung f\u00fcr \u00c4rzte, Krankenh\u00e4user und Gesundheitsunternehmen sowie Krankenhausplanung, Abrechnungsstreitigkeiten<a href=\"https:\/\/depva.de\/praxisvermittlung-klinikboerse\/ppp-rechtsanwaelte-spezialisiert-auf-das-gesundheitswesen\/\"> [\u2026mehr\u2026]<\/a><\/p>\n<\/div><\/div><div class=\"fusion-clearfix\"><\/div><\/article>\n<\/div><\/div><div class=\"fusion-clearfix\"><\/div><\/div><\/div><\/div><\/div>\n","protected":false},"excerpt":{"rendered":"","protected":false},"author":1,"featured_media":0,"parent":0,"menu_order":12,"comment_status":"open","ping_status":"closed","template":"","meta":{"_lmt_disableupdate":"","_lmt_disable":"","footnotes":""},"class_list":["post-2837","page","type-page","status-publish","hentry"],"_links":{"self":[{"href":"https:\/\/depva.de\/praxisvermittlung-klinikboerse\/wp-json\/wp\/v2\/pages\/2837","targetHints":{"allow":["GET"]}}],"collection":[{"href":"https:\/\/depva.de\/praxisvermittlung-klinikboerse\/wp-json\/wp\/v2\/pages"}],"about":[{"href":"https:\/\/depva.de\/praxisvermittlung-klinikboerse\/wp-json\/wp\/v2\/types\/page"}],"author":[{"embeddable":true,"href":"https:\/\/depva.de\/praxisvermittlung-klinikboerse\/wp-json\/wp\/v2\/users\/1"}],"replies":[{"embeddable":true,"href":"https:\/\/depva.de\/praxisvermittlung-klinikboerse\/wp-json\/wp\/v2\/comments?post=2837"}],"version-history":[{"count":1,"href":"https:\/\/depva.de\/praxisvermittlung-klinikboerse\/wp-json\/wp\/v2\/pages\/2837\/revisions"}],"predecessor-version":[{"id":14578,"href":"https:\/\/depva.de\/praxisvermittlung-klinikboerse\/wp-json\/wp\/v2\/pages\/2837\/revisions\/14578"}],"wp:attachment":[{"href":"https:\/\/depva.de\/praxisvermittlung-klinikboerse\/wp-json\/wp\/v2\/media?parent=2837"}],"curies":[{"name":"wp","href":"https:\/\/api.w.org\/{rel}","templated":true}]}}