{"id":4876,"date":"2017-02-07T11:15:04","date_gmt":"2017-02-07T09:15:04","guid":{"rendered":"http:\/\/xn--rzte-vermittlung-unb.de\/bdaerzte\/?page_id=4876"},"modified":"2025-08-29T23:16:49","modified_gmt":"2025-08-29T21:16:49","slug":"vermietungen","status":"publish","type":"page","link":"https:\/\/depva.de\/praxisvermittlung-klinikboerse\/praxis-vermittlung-verkauf\/vermietungen\/","title":{"rendered":"Vermietungen"},"content":{"rendered":"<div class=\"fusion-fullwidth fullwidth-box fusion-builder-row-1 hundred-percent-fullwidth non-hundred-percent-height-scrolling\" style=\"--awb-border-radius-top-left:0px;--awb-border-radius-top-right:0px;--awb-border-radius-bottom-right:0px;--awb-border-radius-bottom-left:0px;--awb-overflow:visible;--awb-flex-wrap:wrap;\" ><div class=\"fusion-builder-row fusion-row\"><div class=\"fusion-layout-column fusion_builder_column fusion-builder-column-0 fusion_builder_column_1_1 1_1 fusion-one-full fusion-column-first fusion-column-last\" style=\"--awb-bg-size:cover;\"><div class=\"fusion-column-wrapper fusion-flex-column-wrapper-legacy\"><div class=\"fusion-text fusion-text-1\"><h2>Vermietung von Praxis- bzw. B\u00fcror\u00e4umen<\/h2>\n<p>In dieser Rubrik finden Sie aktuelle Angebote f\u00fcr Praxis- bzw. B\u00fcror\u00e4ume, die gemietet werden k\u00f6nnen.<br \/>\nBei Interesse nehmen Sie bitte direkt mit dem jeweiligen Ansprechpartner Kontakt auf.<\/p>\n<\/div><div class=\"accordian fusion-accordian hide-content\" style=\"--awb-border-size:1px;--awb-icon-size:13px;--awb-content-font-size:15px;--awb-icon-alignment:left;--awb-hover-color:#f9f9f9;--awb-border-color:#cccccc;--awb-background-color:#ffffff;--awb-divider-color:#e0dede;--awb-divider-hover-color:#e0dede;--awb-icon-color:#ffffff;--awb-title-color:#0648a0;--awb-content-color:#434343;--awb-icon-box-color:#333333;--awb-toggle-hover-accent-color:#67b7e1;--awb-title-font-family:&quot;Roboto&quot;;--awb-title-font-weight:regular;--awb-title-font-style:normal;--awb-title-font-size:13px;\"><div class=\"panel-group fusion-toggle-icon-boxed\" id=\"accordion-4876-1\"><div class=\"fusion-panel panel-default panel-f87a800d0e78efe4f fusion-toggle-has-divider\" style=\"--awb-title-color:#0648a0;\"><div class=\"panel-heading\"><h4 class=\"panel-title toggle\" id=\"toggle_f87a800d0e78efe4f\"><a aria-expanded=\"false\" aria-controls=\"f87a800d0e78efe4f\" role=\"button\" data-toggle=\"collapse\" data-parent=\"#accordion-4876-1\" data-target=\"#f87a800d0e78efe4f\" href=\"#f87a800d0e78efe4f\"><span class=\"fusion-toggle-icon-wrapper\" aria-hidden=\"true\"><i class=\"fa-fusion-box active-icon awb-icon-minus\" aria-hidden=\"true\"><\/i><i class=\"fa-fusion-box inactive-icon awb-icon-plus\" aria-hidden=\"true\"><\/i><\/span><span class=\"fusion-toggle-heading\">Erforderlich f\u00fcr die Funktion der Toogles<\/span><\/a><\/h4><\/div><div id=\"f87a800d0e78efe4f\" class=\"panel-collapse collapse \" aria-labelledby=\"toggle_f87a800d0e78efe4f\"><div class=\"panel-body toggle-content fusion-clearfix\"><\/div><\/div><\/div><\/div><\/div><div class=\"fusion-clearfix\"><\/div><\/div><\/div><div class=\"fusion-layout-column fusion_builder_column fusion-builder-column-1 fusion_builder_column_1_1 1_1 fusion-one-full fusion-column-first fusion-column-last fusion-column-no-min-height\" style=\"--awb-bg-size:cover;--awb-margin-bottom:-20px;\" data-scroll-devices=\"small-visibility,medium-visibility,large-visibility\"><div class=\"fusion-column-wrapper fusion-column-has-shadow fusion-flex-column-wrapper-legacy\"><div class=\"fusion-tabs fusion-tabs-1 clean nav-is-justified horizontal-tabs icon-position-left mobile-mode-accordion\" style=\"--awb-title-border-radius-top-left:0px;--awb-title-border-radius-top-right:0px;--awb-title-border-radius-bottom-right:0px;--awb-title-border-radius-bottom-left:0px;--awb-alignment:start;--awb-inactive-color:#ebeaea;--awb-background-color:#ffffff;--awb-border-color:#ebeaea;--awb-active-border-color:#0648a0;\"><div class=\"nav\"><ul class=\"nav-tabs nav-justified\" role=\"tablist\"><li class=\"active\" role=\"presentation\"><a class=\"tab-link\" data-toggle=\"tab\" role=\"tab\" aria-controls=\"tab-5e9dd356006c166ffaa\" aria-selected=\"true\" id=\"fusion-tab-infosf\u00fcrmietinteressenten\" href=\"#tab-5e9dd356006c166ffaa\"><h4 class=\"fusion-tab-heading\">Infos f\u00fcr Mietinteressenten<\/h4><\/a><\/li><li role=\"presentation\"><a class=\"tab-link\" data-toggle=\"tab\" role=\"tab\" aria-controls=\"tab-911d57f156d761168a2\" aria-selected=\"false\" tabindex=\"-1\" id=\"fusion-tab-infosf\u00fcrvermieter\" href=\"#tab-911d57f156d761168a2\"><h4 class=\"fusion-tab-heading\">Infos f\u00fcr Vermieter<\/h4><\/a><\/li><\/ul><\/div><div class=\"tab-content\"><div class=\"nav fusion-mobile-tab-nav\"><ul class=\"nav-tabs nav-justified\" role=\"tablist\"><li class=\"active\" role=\"presentation\"><a class=\"tab-link\" data-toggle=\"tab\" role=\"tab\" aria-controls=\"tab-5e9dd356006c166ffaa\" aria-selected=\"true\" id=\"mobile-fusion-tab-infosf\u00fcrmietinteressenten\" href=\"#tab-5e9dd356006c166ffaa\"><h4 class=\"fusion-tab-heading\">Infos f\u00fcr Mietinteressenten<\/h4><\/a><\/li><\/ul><\/div><div class=\"tab-pane fade fusion-clearfix in active\" role=\"tabpanel\" tabindex=\"0\" aria-labelledby=\"fusion-tab-infosf\u00fcrmietinteressenten\" id=\"tab-5e9dd356006c166ffaa\">\n<h4><strong>Ihr Vorteil als Mieter<\/strong><\/h4>\n<p>Suchen Sie eine passende R\u00e4umlichkeit f\u00fcr eine Praxis oder Klinik f\u00fcr die Aus\u00fcbung Ihrer T\u00e4tigkeit als Arzt bzw. Zahnarzt oder Psychologe? Hier finden Sie passende gewerbliche R\u00e4umlichkeiten aus dem medizinischen Bereich, die Sie zur Untermiete oder im Ganzen mieten k\u00f6nnen. Egal ob Sie B\u00fcror\u00e4ume, eine Arztpraxis oder nur einen kleinen Raum zur Untermiete suchen. Sie finden bei uns unterschiedliche Angebote und k\u00f6nnen sich direkt mit dem Anbieter (ohne Makler oder Zwischeninstanz) in Verbindung setzen.<\/div><div class=\"nav fusion-mobile-tab-nav\"><ul class=\"nav-tabs nav-justified\" role=\"tablist\"><li role=\"presentation\"><a class=\"tab-link\" data-toggle=\"tab\" role=\"tab\" aria-controls=\"tab-911d57f156d761168a2\" aria-selected=\"false\" tabindex=\"-1\" id=\"mobile-fusion-tab-infosf\u00fcrvermieter\" href=\"#tab-911d57f156d761168a2\"><h4 class=\"fusion-tab-heading\">Infos f\u00fcr Vermieter<\/h4><\/a><\/li><\/ul><\/div><div class=\"tab-pane fade fusion-clearfix\" role=\"tabpanel\" tabindex=\"0\" aria-labelledby=\"fusion-tab-infosf\u00fcrvermieter\" id=\"tab-911d57f156d761168a2\">\n<h4><strong>Ihre Vorteile als Vermieter:<\/strong><\/h4>\n<p>Ihr Angebot wird f\u00fcr einen von Ihnen festgelegten Zeitraum auf unserer Webseite geschaltet und ist rund um die Uhr online. Sie haben neben den Kosten f\u00fcr die Schaltung Ihres Angebots keine weiteren Maklerzwischengeb\u00fchren und k\u00f6nnen von Interessenten direkt kontaktiert werden.<\/p>\n<p>Mehr Infos rund um die <a href=\"https:\/\/depva.de\/praxisvermittlung-klinikboerse\/vermietungen\/mietangebot-melden\/\">&gt;&gt; Ver\u00f6ffentlichung Ihres Mietangebots auf DEPVA.de<\/a>.<\/p>\n<\/div><\/div><\/div><div class=\"fusion-clearfix\"><\/div><\/div><\/div><\/div><\/div>\n","protected":false},"excerpt":{"rendered":"","protected":false},"author":1,"featured_media":0,"parent":1886,"menu_order":50,"comment_status":"closed","ping_status":"closed","template":"praxismiete.php","meta":{"_lmt_disableupdate":"no","_lmt_disable":"","footnotes":""},"class_list":["post-4876","page","type-page","status-publish","hentry"],"_links":{"self":[{"href":"https:\/\/depva.de\/praxisvermittlung-klinikboerse\/wp-json\/wp\/v2\/pages\/4876","targetHints":{"allow":["GET"]}}],"collection":[{"href":"https:\/\/depva.de\/praxisvermittlung-klinikboerse\/wp-json\/wp\/v2\/pages"}],"about":[{"href":"https:\/\/depva.de\/praxisvermittlung-klinikboerse\/wp-json\/wp\/v2\/types\/page"}],"author":[{"embeddable":true,"href":"https:\/\/depva.de\/praxisvermittlung-klinikboerse\/wp-json\/wp\/v2\/users\/1"}],"replies":[{"embeddable":true,"href":"https:\/\/depva.de\/praxisvermittlung-klinikboerse\/wp-json\/wp\/v2\/comments?post=4876"}],"version-history":[{"count":10,"href":"https:\/\/depva.de\/praxisvermittlung-klinikboerse\/wp-json\/wp\/v2\/pages\/4876\/revisions"}],"predecessor-version":[{"id":14659,"href":"https:\/\/depva.de\/praxisvermittlung-klinikboerse\/wp-json\/wp\/v2\/pages\/4876\/revisions\/14659"}],"up":[{"embeddable":true,"href":"https:\/\/depva.de\/praxisvermittlung-klinikboerse\/wp-json\/wp\/v2\/pages\/1886"}],"wp:attachment":[{"href":"https:\/\/depva.de\/praxisvermittlung-klinikboerse\/wp-json\/wp\/v2\/media?parent=4876"}],"curies":[{"name":"wp","href":"https:\/\/api.w.org\/{rel}","templated":true}]}}