{"id":5003,"date":"2017-03-04T13:53:14","date_gmt":"2017-03-04T11:53:14","guid":{"rendered":"http:\/\/www.bdaerzte.de\/?page_id=5003"},"modified":"2025-08-29T23:24:12","modified_gmt":"2025-08-29T21:24:12","slug":"mietangebot-melden","status":"publish","type":"page","link":"https:\/\/depva.de\/praxisvermittlung-klinikboerse\/praxis-vermittlung-verkauf\/vermietungen\/mietangebot-melden\/","title":{"rendered":"Mietangebot melden"},"content":{"rendered":"<div class=\"fusion-fullwidth fullwidth-box fusion-builder-row-1 hundred-percent-fullwidth non-hundred-percent-height-scrolling\" style=\"--awb-border-radius-top-left:0px;--awb-border-radius-top-right:0px;--awb-border-radius-bottom-right:0px;--awb-border-radius-bottom-left:0px;--awb-overflow:visible;--awb-flex-wrap:wrap;\" ><div class=\"fusion-builder-row fusion-row\"><div class=\"fusion-layout-column fusion_builder_column fusion-builder-column-0 fusion_builder_column_1_1 1_1 fusion-one-full fusion-column-first fusion-column-last\" style=\"--awb-bg-size:cover;--awb-margin-bottom:40px;\" data-scroll-devices=\"small-visibility,medium-visibility,large-visibility\"><div class=\"fusion-column-wrapper fusion-column-has-shadow fusion-flex-column-wrapper-legacy\"><div class=\"fusion-text fusion-text-1\"><h2>Ver\u00f6ffentlichen Sie Ihr Mietangebot auf DEPVA.de<\/h2>\n<p>Senden Sie uns Ihr Angebot f\u00fcr die Vermietung von Praxis-, B\u00fcror\u00e4ume, o.\u00e4. mit allen Details einfach mittels Formular. Als Geb\u00fchr berechnen wir je nach gew\u00fcnschter Ver\u00f6ffentlichungsdauer einen Pauschalbetrag gem\u00e4\u00df unserer Preisliste. Weitere Kosten entstehen Ihnen nicht.<\/p>\n<p><strong>Ihr Vorteil:<\/strong> Nach Ver\u00f6ffentlichung Ihrer Anzeige ist das Angebot rund um die Uhr auf unserem Portal online und Sie k\u00f6nnen direkt von potentiellen Mietinteressenten kontaktiert werden.<\/p>\n<p><strong>Preisliste:<\/strong><br \/>\nbis 14 Tage 50,- Euro<br \/>\nbis 30 Tage 75,- Euro<br \/>\nbis 45 Tage 100,- Euro<br \/>\nbis 60 Tage 125,- Euro<br \/>\nbis 6 Monate 150,- Euro<br \/>\nbis 12 Monate 200,- Euro<\/p>\n<p>Hinweis: Bitte beachten Sie, dass bereits gezahlte Geb\u00fchren auch bei einer fr\u00fcheren Herausnahme des Angebots nicht zur\u00fcckerstattet werden k\u00f6nnen. Wenn Sie vorab Fragen haben, rufen Sie uns gerne an.<\/p>\n<\/div><div class=\"fusion-text fusion-text-2\" style=\"--awb-margin-top:30px;\"><h2>Online Formular f\u00fcr Vermietungen<\/h2>\n<\/div><div class=\"fusion-clearfix\"><\/div><\/div><\/div><div class=\"fusion-layout-column fusion_builder_column fusion-builder-column-1 fusion_builder_column_1_1 1_1 fusion-one-full fusion-column-first fusion-column-last fusion-column-no-min-height\" style=\"--awb-bg-size:cover;--awb-margin-bottom:0px;\" data-scroll-devices=\"small-visibility,medium-visibility,large-visibility\"><div class=\"fusion-column-wrapper fusion-column-has-shadow fusion-flex-column-wrapper-legacy\">\n<div class=\"wpcf7 no-js\" id=\"wpcf7-f5002-o1\" lang=\"de-DE\" dir=\"ltr\">\n<div class=\"screen-reader-response\"><p role=\"status\" aria-live=\"polite\" aria-atomic=\"true\"><\/p> <ul><\/ul><\/div>\n<form action=\"\/praxisvermittlung-klinikboerse\/wp-json\/wp\/v2\/pages\/5003#wpcf7-f5002-o1\" method=\"post\" class=\"wpcf7-form init\" aria-label=\"Kontaktformular\" novalidate=\"novalidate\" data-status=\"init\">\n<div style=\"display: none;\">\n<input type=\"hidden\" name=\"_wpcf7\" value=\"5002\" \/>\n<input type=\"hidden\" name=\"_wpcf7_version\" value=\"5.9.6\" \/>\n<input type=\"hidden\" name=\"_wpcf7_locale\" value=\"de_DE\" \/>\n<input type=\"hidden\" name=\"_wpcf7_unit_tag\" value=\"wpcf7-f5002-o1\" \/>\n<input type=\"hidden\" name=\"_wpcf7_container_post\" value=\"0\" \/>\n<input type=\"hidden\" name=\"_wpcf7_posted_data_hash\" value=\"\" \/>\n<\/div>\n<h3>Ihre Kontaktdaten:\n<\/h3>\n<div style=\"width: 49%; float:left;\">\n\t<p style=\"padding-top: 10px;\"><span class=\"wpcf7-form-control-wrap\" data-name=\"Anrede\"><span class=\"wpcf7-form-control wpcf7-radio\"><span class=\"wpcf7-list-item first\"><input type=\"radio\" name=\"Anrede\" value=\"Frau\" \/><span class=\"wpcf7-list-item-label\">Frau<\/span><\/span><span class=\"wpcf7-list-item\"><input type=\"radio\" name=\"Anrede\" value=\"Herr\" \/><span class=\"wpcf7-list-item-label\">Herr<\/span><\/span><span class=\"wpcf7-list-item last\"><input type=\"radio\" name=\"Anrede\" value=\"Divers\" \/><span class=\"wpcf7-list-item-label\">Divers<\/span><\/span><\/span><\/span>\n\t<\/p>\n<\/div>\n<div style=\"width: 49%; float:right;\">\n\t<p><label>Titel<\/label><br \/>\n<span class=\"wpcf7-form-control-wrap\" data-name=\"Titel\"><input size=\"40\" maxlength=\"80\" class=\"wpcf7-form-control wpcf7-text\" aria-invalid=\"false\" value=\"\" type=\"text\" name=\"Titel\" \/><\/span>\n\t<\/p>\n<\/div>\n<div style=\"clear:both;\"><!-- Clear Floating -->\n<\/div>\n<div style=\"width: 100%;\">\n\t<p><label>Ihr Name<\/label><br \/>\n<span class=\"wpcf7-form-control-wrap\" data-name=\"kontakt-name\"><input size=\"40\" maxlength=\"80\" class=\"wpcf7-form-control wpcf7-text wpcf7-validates-as-required\" aria-required=\"true\" aria-invalid=\"false\" placeholder=\"\" value=\"\" type=\"text\" name=\"kontakt-name\" \/><\/span>\n\t<\/p>\n<\/div>\n<div style=\"width: 100%;\">\n\t<p><label>Stra\u00dfe und Haus-Nr.<\/label><br \/>\n<span class=\"wpcf7-form-control-wrap\" data-name=\"strasse\"><input size=\"40\" maxlength=\"80\" class=\"wpcf7-form-control wpcf7-text wpcf7-validates-as-required\" aria-required=\"true\" aria-invalid=\"false\" placeholder=\"\" value=\"\" type=\"text\" name=\"strasse\" \/><\/span>\n\t<\/p>\n<\/div>\n<div style=\"width: 30%; float: left;\">\n\t<p><label>PLZ<\/label><br \/>\n<span class=\"wpcf7-form-control-wrap\" data-name=\"plz\"><input size=\"40\" maxlength=\"80\" class=\"wpcf7-form-control wpcf7-text wpcf7-validates-as-required\" aria-required=\"true\" aria-invalid=\"false\" placeholder=\"\" value=\"\" type=\"text\" name=\"plz\" \/><\/span>\n\t<\/p>\n<\/div>\n<div style=\"width: 68%; float: right;\">\n\t<p><label>Ort<\/label><br \/>\n<span class=\"wpcf7-form-control-wrap\" data-name=\"ort\"><input size=\"40\" maxlength=\"80\" class=\"wpcf7-form-control wpcf7-text wpcf7-validates-as-required\" aria-required=\"true\" aria-invalid=\"false\" placeholder=\"\" value=\"\" type=\"text\" name=\"ort\" \/><\/span>\n\t<\/p>\n<\/div>\n<div style=\"clear:both;\"><!-- Clear Floating -->\n<\/div>\n<div style=\"width: 100%;\">\n\t<p><label>E-Mail<\/label><br \/>\n<span class=\"wpcf7-form-control-wrap\" data-name=\"e-mail\"><input size=\"40\" maxlength=\"80\" class=\"wpcf7-form-control wpcf7-email wpcf7-validates-as-required wpcf7-text wpcf7-validates-as-email\" aria-required=\"true\" aria-invalid=\"false\" placeholder=\"\" value=\"\" type=\"email\" name=\"e-mail\" \/><\/span><br \/>\n<span style=\"font-size: 12px;\">(Bitte verwenden Sie keine Yahoo E-Mail-Adresse, da es bei Yahoo-Adressen h\u00e4ufig Probleme mit SPAM Filtern gibt!)<\/span>\n\t<\/p>\n<\/div>\n<div style=\"width: 100%;\">\n\t<p><label>Telefon<\/label><br \/>\n<span class=\"wpcf7-form-control-wrap\" data-name=\"telefon\"><input size=\"40\" maxlength=\"80\" class=\"wpcf7-form-control wpcf7-tel wpcf7-validates-as-required wpcf7-text wpcf7-validates-as-tel\" aria-required=\"true\" aria-invalid=\"false\" value=\"\" type=\"tel\" name=\"telefon\" \/><\/span>\n\t<\/p>\n<\/div>\n<div style=\"width: 100%;\">\n\t<p><label>Mobil<\/label><br \/>\n<span class=\"wpcf7-form-control-wrap mobil\"><input class=\"wpcf7-form-control wpcf7-intl_tel wpcf7-intl-tel\" aria-invalid=\"false\" data-initialcountry=\"de\" value=\"\" type=\"tel\" name=\"mobil-cf7it-national\" \/><input name=\"mobil\" type=\"hidden\" class=\"wpcf7-intl-tel-full\" \/><input type=\"hidden\" name=\"mobil-cf7it-country-name\" class=\"wpcf7-intl-tel-country-name\" \/><input type=\"hidden\" name=\"mobil-cf7it-country-code\" class=\"wpcf7-intl-tel-country-code\" \/><input type=\"hidden\" name=\"mobil-cf7it-country-iso2\" class=\"wpcf7-intl-tel-country-iso2\" \/><\/span>\n\t<\/p>\n<\/div>\n<h3>Adresse des Mietobjekts:\n<\/h3>\n<div style=\"width: 100%;\">\n\t<p><label>Name des Objekts (optional)<\/label><br \/>\n<span class=\"wpcf7-form-control-wrap\" data-name=\"objekt-name\"><input size=\"40\" maxlength=\"80\" class=\"wpcf7-form-control wpcf7-text\" aria-invalid=\"false\" value=\"\" type=\"text\" name=\"objekt-name\" \/><\/span>\n\t<\/p>\n<\/div>\n<div style=\"width: 100%;\">\n\t<p><label>Stra\u00dfe und Haus-Nr.<\/label><br \/>\n<span class=\"wpcf7-form-control-wrap\" data-name=\"objekt-str\"><input size=\"40\" maxlength=\"80\" class=\"wpcf7-form-control wpcf7-text wpcf7-validates-as-required\" aria-required=\"true\" aria-invalid=\"false\" value=\"\" type=\"text\" name=\"objekt-str\" \/><\/span>\n\t<\/p>\n<\/div>\n<div style=\"width: 30%; float: left;\">\n\t<p><label>PLZ<\/label><br \/>\n<span class=\"wpcf7-form-control-wrap\" data-name=\"objekt-plz\"><input size=\"40\" maxlength=\"80\" class=\"wpcf7-form-control wpcf7-text wpcf7-validates-as-required\" aria-required=\"true\" aria-invalid=\"false\" placeholder=\"\" value=\"\" type=\"text\" name=\"objekt-plz\" \/><\/span>\n\t<\/p>\n<\/div>\n<div style=\"width: 68%; float: right;\">\n\t<p><label>Ort<\/label><br \/>\n<span class=\"wpcf7-form-control-wrap\" data-name=\"objekt-ort\"><input size=\"40\" maxlength=\"80\" class=\"wpcf7-form-control wpcf7-text wpcf7-validates-as-required\" aria-required=\"true\" aria-invalid=\"false\" placeholder=\"\" value=\"\" type=\"text\" name=\"objekt-ort\" \/><\/span>\n\t<\/p>\n<\/div>\n<div style=\"clear:both;\"><!-- Clear Floating -->\n<\/div>\n<h3 style=\"margin-top: 20px;\">Angaben zum Objekt:\n<\/h3>\n<div style=\"margin-bottom: 20px; margin-right: 2%; width: 49%; min-width: 240px; float:left;\">\n\t<p>Allgemeines:\n\t<\/p>\n\t<p><span class=\"wpcf7-form-control-wrap\" data-name=\"objekt-extras\"><span class=\"wpcf7-form-control wpcf7-checkbox\"><span class=\"wpcf7-list-item first\"><label><input type=\"checkbox\" name=\"objekt-extras[]\" value=\"Parkpl\u00e4tze vorhanden\" \/><span class=\"wpcf7-list-item-label\">Parkpl\u00e4tze vorhanden<\/span><\/label><\/span><span class=\"wpcf7-list-item\"><label><input type=\"checkbox\" name=\"objekt-extras[]\" value=\"barrierefrei\" \/><span class=\"wpcf7-list-item-label\">barrierefrei<\/span><\/label><\/span><span class=\"wpcf7-list-item\"><label><input type=\"checkbox\" name=\"objekt-extras[]\" value=\"im OG\" \/><span class=\"wpcf7-list-item-label\">im OG<\/span><\/label><\/span><span class=\"wpcf7-list-item last\"><label><input type=\"checkbox\" name=\"objekt-extras[]\" value=\"Aufzug vorhanden\" \/><span class=\"wpcf7-list-item-label\">Aufzug vorhanden<\/span><\/label><\/span><\/span><\/span>\n\t<\/p>\n<\/div>\n<div style=\"margin-bottom: 20px; width: 49%; min-width: 240px; float:left;\">\n\t<p>M\u00f6gliche Nutzung:\n\t<\/p>\n\t<p><span class=\"wpcf7-form-control-wrap\" data-name=\"nutzungsart\"><span class=\"wpcf7-form-control wpcf7-checkbox\"><span class=\"wpcf7-list-item first\"><label><input type=\"checkbox\" name=\"nutzungsart[]\" value=\"B\u00fcro\" \/><span class=\"wpcf7-list-item-label\">B\u00fcro<\/span><\/label><\/span><span class=\"wpcf7-list-item\"><label><input type=\"checkbox\" name=\"nutzungsart[]\" value=\"Praxis\" \/><span class=\"wpcf7-list-item-label\">Praxis<\/span><\/label><\/span><span class=\"wpcf7-list-item\"><label><input type=\"checkbox\" name=\"nutzungsart[]\" value=\"Labor\" \/><span class=\"wpcf7-list-item-label\">Labor<\/span><\/label><\/span><span class=\"wpcf7-list-item last\"><label><input type=\"checkbox\" name=\"nutzungsart[]\" value=\"Sonstiges\" \/><span class=\"wpcf7-list-item-label\">Sonstiges<\/span><\/label><\/span><\/span><\/span>\n\t<\/p>\n<\/div>\n<div style=\"clear:both;\"><!-- Clear Floating -->\n<\/div>\n<div style=\"width: 49%; float:left;\">\n\t<p><label>Praxisfl\u00e4che (m\u00b2)<\/label><br \/>\n<span class=\"wpcf7-form-control-wrap\" data-name=\"praxisflaeche\"><input size=\"40\" maxlength=\"80\" class=\"wpcf7-form-control wpcf7-text wpcf7-validates-as-required\" aria-required=\"true\" aria-invalid=\"false\" value=\"\" type=\"text\" name=\"praxisflaeche\" \/><\/span>\n\t<\/p>\n<\/div>\n<div style=\"width: 49%; float:right;\">\n\t<p><label>Anzahl Praxisr\u00e4ume <\/label><br \/>\n<span class=\"wpcf7-form-control-wrap\" data-name=\"anz-raeume\"><input size=\"40\" maxlength=\"80\" class=\"wpcf7-form-control wpcf7-text wpcf7-validates-as-required\" aria-required=\"true\" aria-invalid=\"false\" value=\"\" type=\"text\" name=\"anz-raeume\" \/><\/span>\n\t<\/p>\n<\/div>\n<div style=\"clear:both;\"><!-- Clear Floating -->\n<\/div>\n<div style=\"width: 49%; float:left;\">\n\t<p><label>Stockwerk <\/label><br \/>\n<span class=\"wpcf7-form-control-wrap\" data-name=\"etage\"><input size=\"40\" maxlength=\"80\" class=\"wpcf7-form-control wpcf7-text wpcf7-validates-as-required\" aria-required=\"true\" aria-invalid=\"false\" value=\"\" type=\"text\" name=\"etage\" \/><\/span>\n\t<\/p>\n<\/div>\n<div style=\"width: 49%; float:right;\">\n\t<p><label>BJ \/ Renovierung <\/label><br \/>\n<span class=\"wpcf7-form-control-wrap\" data-name=\"bj-renov\"><input size=\"40\" maxlength=\"80\" class=\"wpcf7-form-control wpcf7-text\" aria-invalid=\"false\" value=\"\" type=\"text\" name=\"bj-renov\" \/><\/span>\n\t<\/p>\n<\/div>\n<div style=\"clear:both;\"><!-- Clear Floating -->\n<\/div>\n<div style=\"width: 49%; float:left;\">\n\t<p><label>Monatliche Miete (KM) <\/label><br \/>\n<span class=\"wpcf7-form-control-wrap\" data-name=\"miete\"><input size=\"40\" maxlength=\"80\" class=\"wpcf7-form-control wpcf7-text wpcf7-validates-as-required\" aria-required=\"true\" aria-invalid=\"false\" value=\"\" type=\"text\" name=\"miete\" \/><\/span>\n\t<\/p>\n<\/div>\n<div style=\"width: 49%; float:right;\">\n\t<p><label>Nebenkosten <\/label><br \/>\n<span class=\"wpcf7-form-control-wrap\" data-name=\"nebenkosten\"><input size=\"40\" maxlength=\"80\" class=\"wpcf7-form-control wpcf7-text\" aria-invalid=\"false\" value=\"\" type=\"text\" name=\"nebenkosten\" \/><\/span>\n\t<\/p>\n<\/div>\n<div style=\"clear:both;\"><!-- Clear Floating -->\n<\/div>\n<div style=\"width: 49%; float:left;\">\n\t<p><label>Ab wann wird vermietet<\/label><br \/>\n<span class=\"wpcf7-form-control-wrap\" data-name=\"datum-beginn\"><input size=\"40\" maxlength=\"80\" class=\"wpcf7-form-control wpcf7-text wpcf7-validates-as-required\" aria-required=\"true\" aria-invalid=\"false\" value=\"\" type=\"text\" name=\"datum-beginn\" \/><\/span>\n\t<\/p>\n<\/div>\n<div style=\"width: 49%; float:right;\">\n\t<p><label>Bis wann<\/label><br \/>\n<span class=\"wpcf7-form-control-wrap\" data-name=\"datum-ende\"><input size=\"40\" maxlength=\"80\" class=\"wpcf7-form-control wpcf7-text\" aria-invalid=\"false\" value=\"\" type=\"text\" name=\"datum-ende\" \/><\/span>\n\t<\/p>\n<\/div>\n<div style=\"height: 20px; clear:both;\"><!-- Clear Floating -->\n<\/div>\n<h3>Weitere Angaben:\n<\/h3>\n<p>Schreiben Sie uns hier alle weiteren Details hinsichtlich Besonderheiten, Nutzungsm\u00f6glichkeiten, Ausstattung, Lage...\n<\/p>\n<div style=\"width: 100%;\">\n\t<p><span class=\"wpcf7-form-control-wrap\" data-name=\"weitere-angaben\"><textarea cols=\"40\" rows=\"10\" maxlength=\"1600\" class=\"wpcf7-form-control wpcf7-textarea\" aria-invalid=\"false\" name=\"weitere-angaben\"><\/textarea><\/span>\n\t<\/p>\n\t<p><span style=\"color: #ccc;\"><span class=\"wpcf7-character-count up\" data-target-name=\"weitere-angaben\" data-starting-value=\"0\" data-current-value=\"0\" data-maximum-value=\"1600\">0<\/span> von 1600<\/span>\n\t<\/p>\n<\/div>\n<h3>Bilder der R\u00e4umlichkeiten:\n<\/h3>\n<p><span class=\"wpcf7-form-control-wrap\" data-name=\"upload-images\"><input size=\"40\" class=\"wpcf7-form-control wpcf7-drag-n-drop-file d-none\" aria-invalid=\"false\" type=\"file\" multiple=\"multiple\" data-name=\"upload-images\" data-type=\"jpeg|jpg|png|pdf|gif\" data-limit=\"5000000\" data-min=\"0\" data-id=\"5002\" data-version=\"free version 1.3.9.1\" accept=\".jpeg, .jpg, .png, .pdf, .gif\" \/><\/span>\n<\/p>\n<h3>Ver\u00f6ffentlichung Ihrer Anzeige:\n<\/h3>\n<p><strong>W\u00e4hlen Sie den gew\u00fcnschten Zeitraum (Tarif)<\/strong>\n<\/p>\n<div style=\"width: 100%;\">\n\t<p><span class=\"wpcf7-form-control-wrap\" data-name=\"inserat-zeitraum\"><span class=\"wpcf7-form-control wpcf7-checkbox wpcf7-validates-as-required wpcf7-exclusive-checkbox\"><span class=\"wpcf7-list-item first\"><label><input type=\"checkbox\" name=\"inserat-zeitraum\" value=\"bis 14 Tage (EUR 50,-)\" \/><span class=\"wpcf7-list-item-label\">bis 14 Tage (EUR 50,-)<\/span><\/label><\/span><span class=\"wpcf7-list-item\"><label><input type=\"checkbox\" name=\"inserat-zeitraum\" value=\"bis 30 Tage (EUR 75,-)\" \/><span class=\"wpcf7-list-item-label\">bis 30 Tage (EUR 75,-)<\/span><\/label><\/span><span class=\"wpcf7-list-item\"><label><input type=\"checkbox\" name=\"inserat-zeitraum\" value=\"bis 45 Tage (EUR 100,-)\" \/><span class=\"wpcf7-list-item-label\">bis 45 Tage (EUR 100,-)<\/span><\/label><\/span><span class=\"wpcf7-list-item\"><label><input type=\"checkbox\" name=\"inserat-zeitraum\" value=\"bis 70 Tage (EUR 125,-)\" \/><span class=\"wpcf7-list-item-label\">bis 70 Tage (EUR 125,-)<\/span><\/label><\/span><span class=\"wpcf7-list-item\"><label><input type=\"checkbox\" name=\"inserat-zeitraum\" value=\"bis 6 Monate (EUR 150,-)\" \/><span class=\"wpcf7-list-item-label\">bis 6 Monate (EUR 150,-)<\/span><\/label><\/span><span class=\"wpcf7-list-item last\"><label><input type=\"checkbox\" name=\"inserat-zeitraum\" value=\"bis 12 Monate (EUR 200,-)\" \/><span class=\"wpcf7-list-item-label\">bis 12 Monate (EUR 200,-)<\/span><\/label><\/span><\/span><\/span>\n\t<\/p>\n\t<p style=\"margin-top: 20px;\">Ihr Angebot wird nach Zahlungseingang f\u00fcr den gebuchten Zeitraum ver\u00f6ffentlicht.\n\t<\/p>\n<\/div>\n<p><span id=\"wpcf7-69f9bfba1fa48-wrapper\" class=\"wpcf7-form-control-wrap honeypot-692-wrap\" style=\"display:none !important; visibility:hidden !important;\"><label for=\"wpcf7-69f9bfba1fa48-field\" class=\"hp-message\">Bitte lasse dieses Feld leer.<\/label><input id=\"wpcf7-69f9bfba1fa48-field\"  class=\"wpcf7-form-control wpcf7-text\" type=\"text\" name=\"honeypot-692\" value=\"\" size=\"40\" tabindex=\"-1\" autocomplete=\"new-password\" \/><\/span>\n<\/p>\n<p style=\"margin: 20px 0 0;\">Die <a href='https:\/\/depva.de\/praxisvermittlung-klinikboerse\/datenschutzerklaerung#dataKontaktForm'>Hinweise zum Datenschutz<\/a> habe ich gelesen.\n<\/p>\n<div style=\"margin: 0 0 0 -15px; padding: 0 0 20px 0\">\n\t<p><span class=\"wpcf7-form-control-wrap\" data-name=\"datenschutz\"><span class=\"wpcf7-form-control wpcf7-checkbox wpcf7-validates-as-required\"><span class=\"wpcf7-list-item first last\"><input type=\"checkbox\" name=\"datenschutz[]\" value=\"Ich willige in die Verarbeitung und Ver\u00f6ffentlichung meiner \u00fcbermittelten Daten zum Zweck der Auftragsabwicklung und Ver\u00f6ffentlichung meines Vermietungsangebots auf depva.de ein.\" \/><span class=\"wpcf7-list-item-label\">Ich willige in die Verarbeitung und Ver\u00f6ffentlichung meiner \u00fcbermittelten Daten zum Zweck der Auftragsabwicklung und Ver\u00f6ffentlichung meines Vermietungsangebots auf depva.de ein.<\/span><\/span><\/span><\/span>\n\t<\/p>\n<\/div>\n<p style=\"padding: 20px 0;\"><input class=\"wpcf7-form-control wpcf7-submit has-spinner\" type=\"submit\" value=\"Formular senden\" \/>\n<\/p><input type=\"hidden\" id=\"ct_checkjs_cf7_07a96b1f61097ccb54be14d6a47439b0\" name=\"ct_checkjs_cf7\" value=\"0\" \/><input\n                    class=\"apbct_special_field apbct_email_id__wp_contact_form_7\"\n                    name=\"apbct__email_id__wp_contact_form_7\"\n                    aria-label=\"apbct__label_id__wp_contact_form_7\"\n                    type=\"text\" size=\"30\" maxlength=\"200\" autocomplete=\"off\"\n                    value=\"\"\n                \/><div class=\"fusion-alert alert custom alert-custom fusion-alert-center wpcf7-response-output fusion-alert-capitalize awb-alert-native-link-color alert-dismissable awb-alert-close-boxed\" style=\"--awb-border-size:1px;--awb-border-top-left-radius:0px;--awb-border-top-right-radius:0px;--awb-border-bottom-left-radius:0px;--awb-border-bottom-right-radius:0px;\" role=\"alert\"><div class=\"fusion-alert-content-wrapper\"><span class=\"fusion-alert-content\"><\/span><\/div><button type=\"button\" class=\"close toggle-alert\" data-dismiss=\"alert\" aria-label=\"Close\">&times;<\/button><\/div>\n<\/form>\n<\/div>\n<div class=\"fusion-text fusion-text-3\"><p style=\"font-size: 12px;\">Wenn das Formular nicht gesendet wird, \u00fcberpr\u00fcfen Sie bitte, ob eine Firewall oder Sicherheitssoftware wie z.B. Avira das Senden blockieren.<\/p>\n<\/div><div class=\"fusion-clearfix\"><\/div><\/div><\/div><\/div><\/div>\n","protected":false},"excerpt":{"rendered":"","protected":false},"author":1,"featured_media":0,"parent":4876,"menu_order":2,"comment_status":"closed","ping_status":"closed","template":"","meta":{"_lmt_disableupdate":"no","_lmt_disable":"","footnotes":""},"class_list":["post-5003","page","type-page","status-publish","hentry"],"_links":{"self":[{"href":"https:\/\/depva.de\/praxisvermittlung-klinikboerse\/wp-json\/wp\/v2\/pages\/5003","targetHints":{"allow":["GET"]}}],"collection":[{"href":"https:\/\/depva.de\/praxisvermittlung-klinikboerse\/wp-json\/wp\/v2\/pages"}],"about":[{"href":"https:\/\/depva.de\/praxisvermittlung-klinikboerse\/wp-json\/wp\/v2\/types\/page"}],"author":[{"embeddable":true,"href":"https:\/\/depva.de\/praxisvermittlung-klinikboerse\/wp-json\/wp\/v2\/users\/1"}],"replies":[{"embeddable":true,"href":"https:\/\/depva.de\/praxisvermittlung-klinikboerse\/wp-json\/wp\/v2\/comments?post=5003"}],"version-history":[{"count":11,"href":"https:\/\/depva.de\/praxisvermittlung-klinikboerse\/wp-json\/wp\/v2\/pages\/5003\/revisions"}],"predecessor-version":[{"id":14665,"href":"https:\/\/depva.de\/praxisvermittlung-klinikboerse\/wp-json\/wp\/v2\/pages\/5003\/revisions\/14665"}],"up":[{"embeddable":true,"href":"https:\/\/depva.de\/praxisvermittlung-klinikboerse\/wp-json\/wp\/v2\/pages\/4876"}],"wp:attachment":[{"href":"https:\/\/depva.de\/praxisvermittlung-klinikboerse\/wp-json\/wp\/v2\/media?parent=5003"}],"curies":[{"name":"wp","href":"https:\/\/api.w.org\/{rel}","templated":true}]}}