{"id":7275,"date":"2020-02-27T12:36:05","date_gmt":"2020-02-27T10:36:05","guid":{"rendered":"https:\/\/bdaerzte.de\/?page_id=7275"},"modified":"2025-08-26T12:14:35","modified_gmt":"2025-08-26T10:14:35","slug":"klinik-anbieten","status":"publish","type":"page","link":"https:\/\/depva.de\/praxisvermittlung-klinikboerse\/praxis-vermittlung-verkauf\/klinikboerse\/klinik-anbieten\/","title":{"rendered":"Klinik anbieten"},"content":{"rendered":"<div class=\"fusion-fullwidth fullwidth-box fusion-builder-row-1 hundred-percent-fullwidth non-hundred-percent-height-scrolling\" style=\"--awb-border-radius-top-left:0px;--awb-border-radius-top-right:0px;--awb-border-radius-bottom-right:0px;--awb-border-radius-bottom-left:0px;--awb-overflow:visible;--awb-flex-wrap:wrap;\" ><div class=\"fusion-builder-row fusion-row\"><div class=\"fusion-layout-column fusion_builder_column fusion-builder-column-0 fusion_builder_column_1_1 1_1 fusion-one-full fusion-column-first fusion-column-last\" style=\"--awb-bg-size:cover;\"><div class=\"fusion-column-wrapper fusion-flex-column-wrapper-legacy\"><div class=\"fusion-text fusion-text-1 fusion-text-no-margin\" style=\"--awb-margin-bottom:30px;\"><h2><strong>Sie wollen eine Klinik zum Kauf anbieten?<\/strong><\/h2>\n<p>Senden Sie uns gerne die Eckdaten \u00fcber das nachfolgende Formular oder nehmen Sie direkt <a href=\"https:\/\/depva.de\/praxisvermittlung-klinikboerse\/kontakt\/\">Kontakt<\/a> mit uns auf.<\/p>\n<div><small><strong>Hinweis:<\/strong> Ihre Daten werden nur f\u00fcr den Zweck der Klinikvermittlung verwendet und nur in Absprache mit Ihnen weitergegeben. Auf Diskretion legen wir \u00e4u\u00dfersten Wert. Die mit * gekennzeichneten Felder m\u00fcssen ausgef\u00fcllt werden, damit Ihr Angebot verarbeitet werden kann.<\/small><\/div>\n<\/div><div class=\"fusion-text fusion-text-2 fusion-text-no-margin\" style=\"--awb-margin-top:30px;--awb-margin-bottom:30px;\"><h3 style=\"padding-bottom: 20px;\">Klinik zum Kauf anbieten<\/h3>\n<\/div>\n<div class=\"wpcf7 no-js\" id=\"wpcf7-f14631-o1\" lang=\"de-DE\" dir=\"ltr\">\n<div class=\"screen-reader-response\"><p role=\"status\" aria-live=\"polite\" aria-atomic=\"true\"><\/p> <ul><\/ul><\/div>\n<form action=\"\/praxisvermittlung-klinikboerse\/wp-json\/wp\/v2\/pages\/7275#wpcf7-f14631-o1\" method=\"post\" class=\"wpcf7-form init\" aria-label=\"Kontaktformular\" enctype=\"multipart\/form-data\" novalidate=\"novalidate\" data-status=\"init\">\n<div style=\"display: none;\">\n<input type=\"hidden\" name=\"_wpcf7\" value=\"14631\" \/>\n<input type=\"hidden\" name=\"_wpcf7_version\" value=\"5.9.6\" \/>\n<input type=\"hidden\" name=\"_wpcf7_locale\" value=\"de_DE\" \/>\n<input type=\"hidden\" name=\"_wpcf7_unit_tag\" value=\"wpcf7-f14631-o1\" \/>\n<input type=\"hidden\" name=\"_wpcf7_container_post\" value=\"0\" \/>\n<input type=\"hidden\" name=\"_wpcf7_posted_data_hash\" value=\"\" \/>\n<\/div>\n<table border=\"0\" cellpadding=\"5\" style=\"width:95%; text-align: left;\">\n\t<tr>\n\t\t<th style=\"width: 30%;\" align=\"left\">\n\t\t\t<p>Anrede\n\t\t\t<\/p>\n\t\t<\/th>\n\t\t<td style=\"width: 65%;\">\n\t\t\t<p><span class=\"wpcf7-form-control-wrap\" data-name=\"anrede\"><span class=\"wpcf7-form-control wpcf7-radio\"><span class=\"wpcf7-list-item first\"><input type=\"radio\" name=\"anrede\" value=\"Frau\" \/><span class=\"wpcf7-list-item-label\">Frau<\/span><\/span><span class=\"wpcf7-list-item last\"><input type=\"radio\" name=\"anrede\" value=\"Herr\" \/><span class=\"wpcf7-list-item-label\">Herr<\/span><\/span><\/span><\/span>\n\t\t\t<\/p>\n\t\t<\/td>\n\t<\/tr>\n\t<tr>\n\t\t<th align=\"left\">\n\t\t\t<p>Ihr Name *\n\t\t\t<\/p>\n\t\t<\/th>\n\t\t<td>\n\t\t\t<p><span class=\"wpcf7-form-control-wrap\" data-name=\"kontaktname\"><input size=\"40\" maxlength=\"80\" class=\"wpcf7-form-control wpcf7-text wpcf7-validates-as-required\" aria-required=\"true\" aria-invalid=\"false\" value=\"\" type=\"text\" name=\"kontaktname\" \/><\/span>\n\t\t\t<\/p>\n\t\t<\/td>\n\t<\/tr>\n\t<tr>\n\t\t<th align=\"left\">\n\t\t\t<p>Stra\u00dfe - Nr.\n\t\t\t<\/p>\n\t\t<\/th>\n\t\t<td>\n\t\t\t<p><span class=\"wpcf7-form-control-wrap\" data-name=\"strasse-1\"><input size=\"40\" maxlength=\"80\" class=\"wpcf7-form-control wpcf7-text wpcf7-validates-as-required\" aria-required=\"true\" aria-invalid=\"false\" value=\"\" type=\"text\" name=\"strasse-1\" \/><\/span>\n\t\t\t<\/p>\n\t\t<\/td>\n\t<\/tr>\n\t<tr>\n\t\t<th align=\"left\">\n\t\t\t<p>PLZ - Ort *\n\t\t\t<\/p>\n\t\t<\/th>\n\t\t<td>\n\t\t\t<p><span class=\"wpcf7-form-control-wrap\" data-name=\"plz-1\"><input size=\"40\" maxlength=\"80\" class=\"wpcf7-form-control wpcf7-text\" aria-invalid=\"false\" value=\"\" type=\"text\" name=\"plz-1\" \/><\/span> - <span class=\"wpcf7-form-control-wrap\" data-name=\"ort-1\"><input size=\"40\" maxlength=\"80\" class=\"wpcf7-form-control wpcf7-text wpcf7-validates-as-required\" aria-required=\"true\" aria-invalid=\"false\" value=\"\" type=\"text\" name=\"ort-1\" \/><\/span>\n\t\t\t<\/p>\n\t\t<\/td>\n\t<\/tr>\n\t<tr>\n\t\t<th align=\"left\">\n\t\t\t<p>E-Mail *\n\t\t\t<\/p>\n\t\t<\/th>\n\t\t<td>\n\t\t\t<p><span class=\"wpcf7-form-control-wrap\" data-name=\"kontakt-email\"><input size=\"40\" maxlength=\"80\" class=\"wpcf7-form-control wpcf7-email wpcf7-validates-as-required wpcf7-text wpcf7-validates-as-email\" aria-required=\"true\" aria-invalid=\"false\" value=\"\" type=\"email\" name=\"kontakt-email\" \/><\/span>\n\t\t\t<\/p>\n\t\t<\/td>\n\t<\/tr>\n\t<tr>\n\t\t<th align=\"left\">\n\t\t\t<p>Telefon *\n\t\t\t<\/p>\n\t\t<\/th>\n\t\t<td>\n\t\t\t<p><span class=\"wpcf7-form-control-wrap\" data-name=\"telefon\"><input size=\"40\" maxlength=\"80\" class=\"wpcf7-form-control wpcf7-tel wpcf7-validates-as-required wpcf7-text wpcf7-validates-as-tel\" aria-required=\"true\" aria-invalid=\"false\" value=\"\" type=\"tel\" name=\"telefon\" \/><\/span>\n\t\t\t<\/p>\n\t\t<\/td>\n\t<\/tr>\n\t<tr>\n\t\t<th align=\"left\">\n\t\t\t<p>Mobil\n\t\t\t<\/p>\n\t\t<\/th>\n\t\t<td>\n\t\t\t<p><span class=\"wpcf7-form-control-wrap mobil\"><input class=\"wpcf7-form-control wpcf7-intl_tel wpcf7-intl-tel\" aria-invalid=\"false\" data-initialcountry=\"de\" value=\"\" type=\"tel\" name=\"mobil-cf7it-national\" \/><input name=\"mobil\" type=\"hidden\" class=\"wpcf7-intl-tel-full\" \/><input type=\"hidden\" name=\"mobil-cf7it-country-name\" class=\"wpcf7-intl-tel-country-name\" \/><input type=\"hidden\" name=\"mobil-cf7it-country-code\" class=\"wpcf7-intl-tel-country-code\" \/><input type=\"hidden\" name=\"mobil-cf7it-country-iso2\" class=\"wpcf7-intl-tel-country-iso2\" \/><\/span>\n\t\t\t<\/p>\n\t\t<\/td>\n\t<\/tr>\n\t<tr>\n\t\t<th align=\"left\">\n\t\t\t<p>Website\n\t\t\t<\/p>\n\t\t<\/th>\n\t\t<td>\n\t\t\t<p><span class=\"wpcf7-form-control-wrap\" data-name=\"website\"><input size=\"40\" maxlength=\"80\" class=\"wpcf7-form-control wpcf7-text\" aria-invalid=\"false\" value=\"\" type=\"text\" name=\"website\" \/><\/span>\n\t\t\t<\/p>\n\t\t<\/td>\n\t<\/tr>\n\t<tr>\n\t\t<td colspan=\"2\" align=\"left\">\n\t\t\t<h3>Adresse des Objekts:\n\t\t\t<\/h3>\n\t\t<\/td>\n\t<\/tr>\n\t<tr>\n\t\t<th align=\"left\">\n\t\t\t<p>Name der Klinik *\n\t\t\t<\/p>\n\t\t<\/th>\n\t\t<td>\n\t\t\t<p><span class=\"wpcf7-form-control-wrap\" data-name=\"klinikname\"><input size=\"40\" maxlength=\"80\" class=\"wpcf7-form-control wpcf7-text wpcf7-validates-as-required\" aria-required=\"true\" aria-invalid=\"false\" value=\"\" type=\"text\" name=\"klinikname\" \/><\/span>\n\t\t\t<\/p>\n\t\t<\/td>\n\t<\/tr>\n\t<tr>\n\t\t<th align=\"left\">\n\t\t\t<p>Stra\u00dfe - Nr. *\n\t\t\t<\/p>\n\t\t<\/th>\n\t\t<td>\n\t\t\t<p><span class=\"wpcf7-form-control-wrap\" data-name=\"anschrift-klinik\"><input size=\"40\" maxlength=\"80\" class=\"wpcf7-form-control wpcf7-text wpcf7-validates-as-required\" aria-required=\"true\" aria-invalid=\"false\" value=\"\" type=\"text\" name=\"anschrift-klinik\" \/><\/span>\n\t\t\t<\/p>\n\t\t<\/td>\n\t<\/tr>\n\t<tr>\n\t\t<th align=\"left\">\n\t\t\t<p>PLZ - Ort *\n\t\t\t<\/p>\n\t\t<\/th>\n\t\t<td>\n\t\t\t<p><span class=\"wpcf7-form-control-wrap\" data-name=\"plz-klinik\"><input size=\"40\" maxlength=\"80\" class=\"wpcf7-form-control wpcf7-text\" aria-invalid=\"false\" value=\"\" type=\"text\" name=\"plz-klinik\" \/><\/span> - <span class=\"wpcf7-form-control-wrap\" data-name=\"ort-klinik\"><input size=\"40\" maxlength=\"80\" class=\"wpcf7-form-control wpcf7-text wpcf7-validates-as-required\" aria-required=\"true\" aria-invalid=\"false\" value=\"\" type=\"text\" name=\"ort-klinik\" \/><\/span>\n\t\t\t<\/p>\n\t\t<\/td>\n\t<\/tr>\n\t<tr>\n\t\t<td colspan=\"2\" align=\"left\">\n\t\t\t<h3>Angaben zum Objekt:\n\t\t\t<\/h3>\n\t\t<\/td>\n\t<\/tr>\n\t<tr>\n\t\t<td>\n\t\t\t<p>Allgemeine Angaben\n\t\t\t<\/p>\n\t\t<\/td>\n\t\t<td>\n\t\t\t<p><span class=\"wpcf7-form-control-wrap\" data-name=\"objekt-extras\"><span class=\"wpcf7-form-control wpcf7-checkbox\"><span class=\"wpcf7-list-item first\"><label><input type=\"checkbox\" name=\"objekt-extras[]\" value=\"barrierefrei\" \/><span class=\"wpcf7-list-item-label\">barrierefrei<\/span><\/label><\/span><span class=\"wpcf7-list-item\"><label><input type=\"checkbox\" name=\"objekt-extras[]\" value=\"Patientenparkpl\u00e4tze vorhanden\" \/><span class=\"wpcf7-list-item-label\">Patientenparkpl\u00e4tze vorhanden<\/span><\/label><\/span><span class=\"wpcf7-list-item last\"><label><input type=\"checkbox\" name=\"objekt-extras[]\" value=\"mit Aufzug\" \/><span class=\"wpcf7-list-item-label\">mit Aufzug<\/span><\/label><\/span><\/span><\/span>\n\t\t\t<\/p>\n\t\t<\/td>\n\t\t<td>\n\t\t<\/td>\n\t<\/tr>\n\t<tr>\n\t\t<td align=\"left\">\n\t\t\t<p>Gesamtfl\u00e4che (qm)\n\t\t\t<\/p>\n\t\t<\/td>\n\t\t<td align=\"left\">\n\t\t\t<p><span class=\"wpcf7-form-control-wrap\" data-name=\"gesamtflaeche\"><input size=\"40\" maxlength=\"80\" class=\"wpcf7-form-control wpcf7-text\" aria-invalid=\"false\" value=\"\" type=\"text\" name=\"gesamtflaeche\" \/><\/span>\n\t\t\t<\/p>\n\t\t<\/td>\n\t<\/tr>\n\t<tr>\n\t\t<td align=\"left\">\n\t\t\t<p>Anzahl Betten *\n\t\t\t<\/p>\n\t\t<\/td>\n\t\t<td align=\"left\">\n\t\t\t<p><span class=\"wpcf7-form-control-wrap\" data-name=\"anz-betten\"><input size=\"40\" maxlength=\"80\" class=\"wpcf7-form-control wpcf7-text wpcf7-validates-as-required\" aria-required=\"true\" aria-invalid=\"false\" value=\"\" type=\"text\" name=\"anz-betten\" \/><\/span>\n\t\t\t<\/p>\n\t\t<\/td>\n\t<\/tr>\n\t<tr>\n\t\t<td align=\"left\">\n\t\t\t<p>Anzahl Stockwerke\n\t\t\t<\/p>\n\t\t<\/td>\n\t\t<td align=\"left\">\n\t\t\t<p><span class=\"wpcf7-form-control-wrap\" data-name=\"etage\"><input size=\"40\" maxlength=\"80\" class=\"wpcf7-form-control wpcf7-text wpcf7-validates-as-required\" aria-required=\"true\" aria-invalid=\"false\" value=\"\" type=\"text\" name=\"etage\" \/><\/span>\n\t\t\t<\/p>\n\t\t<\/td>\n\t<\/tr>\n\t<tr>\n\t\t<td align=\"left\">\n\t\t\t<p>Preis (\u20ac) *\n\t\t\t<\/p>\n\t\t<\/td>\n\t\t<td align=\"left\">\n\t\t\t<p><span class=\"wpcf7-form-control-wrap\" data-name=\"preis\"><input size=\"40\" maxlength=\"80\" class=\"wpcf7-form-control wpcf7-text wpcf7-validates-as-required\" aria-required=\"true\" aria-invalid=\"false\" value=\"\" type=\"text\" name=\"preis\" \/><\/span>\n\t\t\t<\/p>\n\t\t<\/td>\n\t<\/tr>\n\t<tr>\n\t\t<td align=\"left\">\n\t\t\t<p>BJ od. Datum letzte Renovierung *\n\t\t\t<\/p>\n\t\t<\/td>\n\t\t<td align=\"left\">\n\t\t\t<p><span class=\"wpcf7-form-control-wrap\" data-name=\"bj-reno\"><input size=\"40\" maxlength=\"80\" class=\"wpcf7-form-control wpcf7-text wpcf7-validates-as-required\" aria-required=\"true\" aria-invalid=\"false\" value=\"\" type=\"text\" name=\"bj-reno\" \/><\/span>\n\t\t\t<\/p>\n\t\t<\/td>\n\t<\/tr>\n\t<tr>\n\t\t<td align=\"left\">\n\t\t\t<p>Jahresumsatz der Klinik\n\t\t\t<\/p>\n\t\t<\/td>\n\t\t<td align=\"left\">\n\t\t\t<p><span class=\"wpcf7-form-control-wrap\" data-name=\"ja-umsatz\"><input size=\"40\" maxlength=\"80\" class=\"wpcf7-form-control wpcf7-text\" aria-invalid=\"false\" value=\"\" type=\"text\" name=\"ja-umsatz\" \/><\/span>\n\t\t\t<\/p>\n\t\t<\/td>\n\t<\/tr>\n\t<tr>\n\t\t<td align=\"left\">\n\t\t\t<p>Laufende Kosten\n\t\t\t<\/p>\n\t\t<\/td>\n\t\t<td align=\"left\">\n\t\t\t<p><span class=\"wpcf7-form-control-wrap\" data-name=\"laufende-kosten\"><input size=\"40\" maxlength=\"80\" class=\"wpcf7-form-control wpcf7-text\" aria-invalid=\"false\" value=\"\" type=\"text\" name=\"laufende-kosten\" \/><\/span>\n\t\t\t<\/p>\n\t\t<\/td>\n\t<\/tr>\n\t<tr>\n\t\t<td align=\"left\">\n\t\t\t<p>Art der Klinik *\n\t\t\t<\/p>\n\t\t<\/td>\n\t\t<td align=\"left\">\n\t\t\t<p><span class=\"wpcf7-form-control-wrap\" data-name=\"klinikart\"><select class=\"wpcf7-form-control wpcf7-select wpcf7-validates-as-required\" aria-required=\"true\" aria-invalid=\"false\" multiple=\"multiple\" name=\"klinikart[]\"><option value=\"\">&#8211; Bitte ausw\u00e4hlen &#8211;<\/option><option value=\"Privatklinik\">Privatklinik<\/option><option value=\"Klinik mit Grundversorgung\">Klinik mit Grundversorgung<\/option><option value=\"Spezialklinik\">Spezialklinik<\/option><option value=\"Rehaklinik\">Rehaklinik<\/option><\/select><\/span>\n\t\t\t<\/p>\n\t\t<\/td>\n\t<\/tr>\n\t<tr>\n\t\t<td align=\"left\">\n\t\t\t<p>Gew\u00fcnschtes Abgabedatum *\n\t\t\t<\/p>\n\t\t<\/td>\n\t\t<td align=\"left\">\n\t\t\t<p><span class=\"wpcf7-form-control-wrap\" data-name=\"abgabe-datum\"><input size=\"40\" maxlength=\"80\" class=\"wpcf7-form-control wpcf7-text wpcf7-validates-as-required\" aria-required=\"true\" aria-invalid=\"false\" value=\"\" type=\"text\" name=\"abgabe-datum\" \/><\/span>\n\t\t\t<\/p>\n\t\t<\/td>\n\t<\/tr>\n\t<tr>\n\t\t<td align=\"left\">\n\t\t\t<p>Fachrichtung *\n\t\t\t<\/p>\n\t\t<\/td>\n\t\t<td align=\"left\">\n\t\t\t<p><span class=\"wpcf7-form-control-wrap\" data-name=\"klinik-fachrichtung\"><input size=\"40\" maxlength=\"80\" class=\"wpcf7-form-control wpcf7-text wpcf7-validates-as-required\" aria-required=\"true\" aria-invalid=\"false\" value=\"\" type=\"text\" name=\"klinik-fachrichtung\" \/><\/span>\n\t\t\t<\/p>\n\t\t<\/td>\n\t<\/tr>\n\t<tr>\n\t\t<td colspan=\"2\" align=\"left\">\n\t\t\t<h3>Weitere Angaben:\n\t\t\t<\/h3>\n\t\t<\/td>\n\t<\/tr>\n\t<tr>\n\t\t<th align=\"left\">\n\t\t\t<p>Schreiben Sie uns hier alles weitere, z.B. bzgl. der Ausstattung, Behandlungsm\u00f6glichkeiten...\n\t\t\t<\/p>\n\t\t<\/th>\n\t\t<td>\n\t\t\t<p><span class=\"wpcf7-form-control-wrap\" data-name=\"weitere-angaben\"><textarea cols=\"40\" rows=\"10\" maxlength=\"1600\" class=\"wpcf7-form-control wpcf7-textarea\" aria-invalid=\"false\" name=\"weitere-angaben\"><\/textarea><\/span><br \/>\n<span style=\"color: #ccc;\"><span class=\"wpcf7-character-count up\" data-target-name=\"weitere-angaben\" data-starting-value=\"0\" data-current-value=\"0\" data-maximum-value=\"1600\">0<\/span> von 1600<\/span>\n\t\t\t<\/p>\n\t\t<\/td>\n\t<\/tr>\n\t<tr>\n\t\t<th colspan=\"2\" align=\"left\">\n\t\t\t<h3>Bilder der Klinik:\n\t\t\t<\/h3>\n\t\t<\/th>\n\t<\/tr>\n\t<tr>\n\t\t<th align=\"left\">\n\t\t\t<p>Bild 1\n\t\t\t<\/p>\n\t\t<\/th>\n\t\t<td>\n\t\t\t<p><span class=\"wpcf7-form-control-wrap\" data-name=\"file-701\"><input size=\"40\" class=\"wpcf7-form-control wpcf7-file\" id=\"Image01\" accept=\"audio\/*,video\/*,image\/*\" aria-invalid=\"false\" type=\"file\" name=\"file-701\" \/><\/span>\n\t\t\t<\/p>\n\t\t<\/td>\n\t<\/tr>\n\t<tr>\n\t\t<th align=\"left\">\n\t\t\t<p>Bild 2\n\t\t\t<\/p>\n\t\t<\/th>\n\t\t<td>\n\t\t\t<p><span class=\"wpcf7-form-control-wrap\" data-name=\"file-702\"><input size=\"40\" class=\"wpcf7-form-control wpcf7-file\" id=\"Image02\" accept=\"audio\/*,video\/*,image\/*\" aria-invalid=\"false\" type=\"file\" name=\"file-702\" \/><\/span>\n\t\t\t<\/p>\n\t\t<\/td>\n\t<\/tr>\n\t<tr>\n\t\t<th align=\"left\">\n\t\t\t<p>Bild 3\n\t\t\t<\/p>\n\t\t<\/th>\n\t\t<td>\n\t\t\t<p><span class=\"wpcf7-form-control-wrap\" data-name=\"file-703\"><input size=\"40\" class=\"wpcf7-form-control wpcf7-file\" id=\"Image03\" accept=\"audio\/*,video\/*,image\/*\" aria-invalid=\"false\" type=\"file\" name=\"file-703\" \/><\/span>\n\t\t\t<\/p>\n\t\t<\/td>\n\t<\/tr>\n\t<tr>\n\t\t<th align=\"left\">\n\t\t\t<p>Bild 4\n\t\t\t<\/p>\n\t\t<\/th>\n\t\t<td>\n\t\t\t<p><span class=\"wpcf7-form-control-wrap\" data-name=\"file-704\"><input size=\"40\" class=\"wpcf7-form-control wpcf7-file\" id=\"Image04\" accept=\"audio\/*,video\/*,image\/*\" aria-invalid=\"false\" type=\"file\" name=\"file-704\" \/><\/span>\n\t\t\t<\/p>\n\t\t<\/td>\n\t<\/tr>\n\t<tr>\n\t\t<th align=\"left\">\n\t\t\t<p>Bild 5\n\t\t\t<\/p>\n\t\t<\/th>\n\t\t<td>\n\t\t\t<p><span class=\"wpcf7-form-control-wrap\" data-name=\"file-705\"><input size=\"40\" class=\"wpcf7-form-control wpcf7-file\" id=\"Image05\" accept=\"audio\/*,video\/*,image\/*\" aria-invalid=\"false\" type=\"file\" name=\"file-705\" \/><\/span>\n\t\t\t<\/p>\n\t\t<\/td>\n\t<\/tr>\n<\/table>\n<p style=\"margin: 20px 0 0 0;\">Die <a href='https:\/\/depva.de\/praxisvermittlung-klinikboerse\/datenschutzerklaerung#RegisterPraxisverkauf'>Hinweise zum Datenschutz<\/a> habe ich gelesen.\n<\/p>\n<div style=\"margin: 0 0 0 0px; padding: 0 0 20px 0\">\n\t<p><span class=\"wpcf7-form-control-wrap\" data-name=\"datenschutz\"><span class=\"wpcf7-form-control wpcf7-checkbox wpcf7-validates-as-required\"><span class=\"wpcf7-list-item first last\"><input type=\"checkbox\" name=\"datenschutz[]\" value=\"Ich willige in die Verarbeitung meiner \u00fcbermittelten Daten zum Zweck der Auftragserf\u00fcllung und Ver\u00f6ffentlichung meines Verkaufsangebots auf depva.de ein.\" \/><span class=\"wpcf7-list-item-label\">Ich willige in die Verarbeitung meiner \u00fcbermittelten Daten zum Zweck der Auftragserf\u00fcllung und Ver\u00f6ffentlichung meines Verkaufsangebots auf depva.de ein.<\/span><\/span><\/span><\/span>\n\t<\/p>\n<\/div>\n<p><span id=\"wpcf7-69fc5691f1497-wrapper\" class=\"wpcf7-form-control-wrap honeypot-141-wrap\" style=\"display:none !important; visibility:hidden !important;\"><label for=\"wpcf7-69fc5691f1497-field\" class=\"hp-message\">Bitte lasse dieses Feld leer.<\/label><input id=\"wpcf7-69fc5691f1497-field\"  class=\"wpcf7-form-control wpcf7-text\" type=\"text\" name=\"honeypot-141\" value=\"\" size=\"40\" tabindex=\"-1\" autocomplete=\"new-password\" \/><\/span>\n<\/p>\n<p style=\"padding: 20px 0;\"><input class=\"wpcf7-form-control wpcf7-submit has-spinner\" type=\"submit\" value=\"Formular senden\" \/>\n<\/p><input type=\"hidden\" id=\"ct_checkjs_cf7_2050e03ca119580f74cca14cc6e97462\" name=\"ct_checkjs_cf7\" value=\"0\" \/><input\n                    class=\"apbct_special_field apbct_email_id__wp_contact_form_7\"\n                    name=\"apbct__email_id__wp_contact_form_7\"\n                    aria-label=\"apbct__label_id__wp_contact_form_7\"\n                    type=\"text\" size=\"30\" maxlength=\"200\" autocomplete=\"off\"\n                    value=\"\"\n                \/><div class=\"fusion-alert alert custom alert-custom fusion-alert-center wpcf7-response-output fusion-alert-capitalize awb-alert-native-link-color alert-dismissable awb-alert-close-boxed\" style=\"--awb-border-size:1px;--awb-border-top-left-radius:0px;--awb-border-top-right-radius:0px;--awb-border-bottom-left-radius:0px;--awb-border-bottom-right-radius:0px;\" role=\"alert\"><div class=\"fusion-alert-content-wrapper\"><span class=\"fusion-alert-content\"><\/span><\/div><button type=\"button\" class=\"close toggle-alert\" data-dismiss=\"alert\" aria-label=\"Close\">&times;<\/button><\/div>\n<\/form>\n<\/div>\n<div class=\"fusion-clearfix\"><\/div><\/div><\/div><\/div><\/div>\n","protected":false},"excerpt":{"rendered":"","protected":false},"author":1,"featured_media":0,"parent":3515,"menu_order":0,"comment_status":"closed","ping_status":"closed","template":"","meta":{"_lmt_disableupdate":"no","_lmt_disable":"","footnotes":""},"class_list":["post-7275","page","type-page","status-publish","hentry"],"_links":{"self":[{"href":"https:\/\/depva.de\/praxisvermittlung-klinikboerse\/wp-json\/wp\/v2\/pages\/7275","targetHints":{"allow":["GET"]}}],"collection":[{"href":"https:\/\/depva.de\/praxisvermittlung-klinikboerse\/wp-json\/wp\/v2\/pages"}],"about":[{"href":"https:\/\/depva.de\/praxisvermittlung-klinikboerse\/wp-json\/wp\/v2\/types\/page"}],"author":[{"embeddable":true,"href":"https:\/\/depva.de\/praxisvermittlung-klinikboerse\/wp-json\/wp\/v2\/users\/1"}],"replies":[{"embeddable":true,"href":"https:\/\/depva.de\/praxisvermittlung-klinikboerse\/wp-json\/wp\/v2\/comments?post=7275"}],"version-history":[{"count":10,"href":"https:\/\/depva.de\/praxisvermittlung-klinikboerse\/wp-json\/wp\/v2\/pages\/7275\/revisions"}],"predecessor-version":[{"id":14637,"href":"https:\/\/depva.de\/praxisvermittlung-klinikboerse\/wp-json\/wp\/v2\/pages\/7275\/revisions\/14637"}],"up":[{"embeddable":true,"href":"https:\/\/depva.de\/praxisvermittlung-klinikboerse\/wp-json\/wp\/v2\/pages\/3515"}],"wp:attachment":[{"href":"https:\/\/depva.de\/praxisvermittlung-klinikboerse\/wp-json\/wp\/v2\/media?parent=7275"}],"curies":[{"name":"wp","href":"https:\/\/api.w.org\/{rel}","templated":true}]}}